{"id":24977,"date":"2023-10-04T10:24:01","date_gmt":"2023-10-04T08:24:01","guid":{"rendered":"https:\/\/www.whistleblowing.software\/?page_id=24977"},"modified":"2023-10-10T10:59:50","modified_gmt":"2023-10-10T08:59:50","slug":"programa-partner","status":"publish","type":"page","link":"https:\/\/www.whistleblowing.software\/es\/programa-partner\/","title":{"rendered":"Partner"},"content":{"rendered":"<p><div class=\"fusion-fullwidth fullwidth-box fusion-builder-row-1 fusion-flex-container fusion-parallax-none nonhundred-percent-fullwidth non-hundred-percent-height-scrolling lazyload\" style=\"--awb-border-radius-top-left:0px;--awb-border-radius-top-right:0px;--awb-border-radius-bottom-right:0px;--awb-border-radius-bottom-left:0px;--awb-padding-top:2%;--awb-padding-bottom:2%;--awb-padding-right-small:24px;--awb-padding-left-small:24px;--awb-background-size:cover;--awb-flex-wrap:wrap;\" data-bg=\"https:\/\/www.whistleblowing.software\/wp-content\/uploads\/2023\/10\/become-partner-legality-whistleblowing.jpg\" ><div class=\"fusion-builder-row fusion-row fusion-flex-align-items-center fusion-flex-justify-content-flex-end fusion-flex-content-wrap\" style=\"max-width:1420.64px;margin-left: calc(-4% \/ 2 );margin-right: calc(-4% \/ 2 );\"><div class=\"fusion-layout-column fusion_builder_column fusion-builder-column-0 fusion_builder_column_1_2 1_2 fusion-flex-column fusion-flex-align-self-center\" style=\"--awb-padding-top:31px;--awb-padding-bottom:35px;--awb-bg-size:cover;--awb-width-large:50%;--awb-margin-top-large:0px;--awb-spacing-right-large:3.84%;--awb-margin-bottom-large:0px;--awb-spacing-left-large:3.84%;--awb-width-medium:100%;--awb-order-medium:0;--awb-spacing-right-medium:1.92%;--awb-spacing-left-medium:1.92%;--awb-width-small:100%;--awb-order-small:0;--awb-spacing-right-small:1.92%;--awb-spacing-left-small:1.92%;\"><div class=\"fusion-column-wrapper fusion-column-has-shadow fusion-flex-justify-content-center fusion-content-layout-column\"><div class=\"fusion-text fusion-text-1\"><h1 class=\"fusion-responsive-typography-calculated\" style=\"font-size: 25px; line-height: 1; --fontsize: 25; letter-spacing: 2px; color: var(--awb-color6); font-family: Roboto; font-weight: 400;\" data-fontsize=\"25\" data-lineheight=\"25px\" data-fusion-font=\"true\" data-fusion-google-font=\"Roboto\" data-fusion-google-variant=\"400\">PROGRAMA PARTNER<\/h1>\n<h2 class=\"fusion-responsive-typography-calculated\" style=\"font-size: 36px; line-height: 1.11; --fontsize: 36;\" data-fontsize=\"36\" data-lineheight=\"39.9667px\"><span style=\"font-family: Roboto; font-weight: 300; letter-spacing: 0px; line-height: 1.5; font-size: 40px;\" data-fusion-font=\"true\" data-fusion-google-font=\"Roboto\" data-fusion-google-variant=\"300\">Complete su oferta: proporcione a sus clientes lo mejor para la gesti\u00f3n de denuncias de irregularidades con  <span style=\"color: var(--awb-color4); font-family: Roboto; font-weight: 400;\" data-fusion-font=\"true\" data-fusion-google-font=\"Roboto\" data-fusion-google-variant=\"400\">Legality Whistleblowing <\/span><b><br \/>\n<\/b><\/span><\/h2>\n<\/div><div ><a class=\"fusion-button button-flat button-xlarge button-custom fusion-button-default button-1 fusion-button-default-span fusion-button-default-type\" style=\"--button_accent_color:var(--awb-custom17);--button_accent_hover_color:var(--awb-custom17);--button_border_hover_color:#ffb74f;--button_gradient_top_color:#f49b1b;--button_gradient_bottom_color:#f49b1b;--button_gradient_top_color_hover:#ffb74f;--button_gradient_bottom_color_hover:#ffb74f;\" target=\"_self\" title=\"Cont\u00e1ctenos \" aria-label=\"Cont\u00e1ctenos \" href=\"\/es\/programa-partner\/#contactos\"><span class=\"fusion-button-text awb-button__text awb-button__text--default\">Cont\u00e1ctenos <\/span><\/a><\/div><\/div><\/div><div class=\"fusion-layout-column fusion_builder_column fusion-builder-column-1 fusion_builder_column_1_2 1_2 fusion-flex-column fusion-flex-align-self-stretch fusion-no-small-visibility fusion-no-medium-visibility\" style=\"--awb-bg-position:center top;--awb-bg-size:cover;--awb-width-large:50%;--awb-margin-top-large:0px;--awb-spacing-right-large:0%;--awb-margin-bottom-large:0px;--awb-spacing-left-large:0%;--awb-width-medium:100%;--awb-order-medium:0;--awb-spacing-right-medium:1.92%;--awb-spacing-left-medium:1.92%;--awb-width-small:100%;--awb-order-small:0;--awb-spacing-right-small:1.92%;--awb-spacing-left-small:1.92%;\"><div class=\"fusion-column-wrapper fusion-column-has-shadow fusion-flex-justify-content-flex-start fusion-content-layout-column\"><\/div><\/div><\/div><\/div><div class=\"fusion-fullwidth fullwidth-box fusion-builder-row-2 fusion-flex-container has-pattern-background has-mask-background nonhundred-percent-fullwidth non-hundred-percent-height-scrolling\" style=\"--awb-border-radius-top-left:0px;--awb-border-radius-top-right:0px;--awb-border-radius-bottom-right:0px;--awb-border-radius-bottom-left:0px;--awb-padding-top:2%;--awb-padding-bottom:2%;--awb-flex-wrap:wrap;\" ><div class=\"fusion-builder-row fusion-row fusion-flex-align-items-flex-start fusion-flex-justify-content-center fusion-flex-content-wrap\" style=\"max-width:1420.64px;margin-left: calc(-4% \/ 2 );margin-right: calc(-4% \/ 2 );\"><div class=\"fusion-layout-column fusion_builder_column fusion-builder-column-2 fusion_builder_column_1_2 1_2 fusion-flex-column fusion-flex-align-self-flex-start\" style=\"--awb-bg-size:cover;--awb-width-large:50%;--awb-margin-top-large:0px;--awb-spacing-right-large:3.84%;--awb-margin-bottom-large:0px;--awb-spacing-left-large:3.84%;--awb-width-medium:100%;--awb-order-medium:0;--awb-spacing-right-medium:1.92%;--awb-spacing-left-medium:1.92%;--awb-width-small:100%;--awb-order-small:0;--awb-spacing-right-small:1.92%;--awb-spacing-left-small:1.92%;\"><div class=\"fusion-column-wrapper fusion-column-has-shadow fusion-flex-justify-content-center fusion-content-layout-column\"><i class=\"fb-icon-element-1 fb-icon-element fontawesome-icon fa-handshake fas circle-no fusion-text-flow\" style=\"--awb-iconcolor:var(--awb-color4);--awb-iconcolor-hover:var(--awb-color4);--awb-font-size:32px;--awb-margin-bottom:5px;\"><\/i><div class=\"fusion-text fusion-text-2\"><h2 class=\"fusion-responsive-typography-calculated\" style=\"--fontsize: 24; line-height: 1.4; font-family: Roboto; font-weight: 500;\" data-fontsize=\"24\" data-lineheight=\"33.6px\" data-fusion-font=\"true\" data-fusion-google-font=\"Roboto\" data-fusion-google-variant=\"500\">Convi\u00e9rtete en Socio de Denuncia Legal<\/h2>\n<p>El <b>programa Partner Legality Whistleblowing<\/b> le permite encontrar nuevas oportunidades en el sector del cumplimiento con un producto de vanguardia, seguro y siempre al d\u00eda con la normativa. <\/p>\n<p>La creciente sensibilidad hacia la denuncias de irregularidades, junto con una legislaci\u00f3n cada vez m\u00e1s estricta para las empresas y las administraciones p\u00fablicas, hace que el sector de software y consultor\u00eda en el \u00e1mbito de las denuncias de irregularidades sea extremadamente estrat\u00e9gico.<\/p>\n<\/div><div class=\"fusion-text fusion-text-3\" style=\"--awb-font-size:20px;--awb-line-height:1.5;--awb-text-color:var(--awb-custom_color_2);--awb-text-font-family:&quot;Roboto&quot;;--awb-text-font-style:normal;--awb-text-font-weight:300;\"><p>Elija el sistema de denuncias intuitivo y compatible que permite a todas las empresas, consultores, bufetes de abogados, OdV y profesionales de la gesti\u00f3n del cumplimiento cumplir con la directiva europea <b>lo antes posible<\/b>.<\/p>\n<\/div><div ><a class=\"fusion-button button-flat fusion-button-default-size button-default fusion-button-default button-2 fusion-button-default-span fusion-button-default-type\" target=\"_self\" href=\"\/es\/programa-partner\/#contactos\"><span class=\"fusion-button-text awb-button__text awb-button__text--default\">Contactar con un asesor<\/span><\/a><\/div><\/div><\/div><div class=\"fusion-layout-column fusion_builder_column fusion-builder-column-3 fusion_builder_column_1_2 1_2 fusion-flex-column fusion-flex-align-self-center\" style=\"--awb-bg-size:cover;--awb-width-large:50%;--awb-margin-top-large:0px;--awb-spacing-right-large:3.84%;--awb-margin-bottom-large:0px;--awb-spacing-left-large:3.84%;--awb-width-medium:100%;--awb-order-medium:0;--awb-spacing-right-medium:1.92%;--awb-spacing-left-medium:1.92%;--awb-width-small:100%;--awb-order-small:0;--awb-spacing-right-small:1.92%;--awb-spacing-left-small:1.92%;\"><div class=\"fusion-column-wrapper fusion-column-has-shadow fusion-flex-justify-content-center fusion-content-layout-column\"><div class=\"fusion-image-element \" style=\"--awb-caption-title-font-family:var(--h2_typography-font-family);--awb-caption-title-font-weight:var(--h2_typography-font-weight);--awb-caption-title-font-style:var(--h2_typography-font-style);--awb-caption-title-size:var(--h2_typography-font-size);--awb-caption-title-transform:var(--h2_typography-text-transform);--awb-caption-title-line-height:var(--h2_typography-line-height);--awb-caption-title-letter-spacing:var(--h2_typography-letter-spacing);\"><span class=\" fusion-imageframe imageframe-none imageframe-1 hover-type-none\"><img decoding=\"async\" width=\"600\" height=\"300\" title=\"whistleblowing-software\" src=\"https:\/\/www.whistleblowing.software\/wp-content\/uploads\/2023\/10\/whistleblowing-software-1.png\" data-orig-src=\"https:\/\/www.whistleblowing.software\/wp-content\/uploads\/2023\/10\/whistleblowing-software-1.png\" alt class=\"lazyload img-responsive wp-image-24955\" srcset=\"data:image\/svg+xml,%3Csvg%20xmlns%3D%27http%3A%2F%2Fwww.w3.org%2F2000%2Fsvg%27%20width%3D%27600%27%20height%3D%27300%27%20viewBox%3D%270%200%20600%20300%27%3E%3Crect%20width%3D%27600%27%20height%3D%27300%27%20fill-opacity%3D%220%22%2F%3E%3C%2Fsvg%3E\" data-srcset=\"https:\/\/www.whistleblowing.software\/wp-content\/uploads\/2023\/10\/whistleblowing-software-1-200x100.png 200w, https:\/\/www.whistleblowing.software\/wp-content\/uploads\/2023\/10\/whistleblowing-software-1-400x200.png 400w, https:\/\/www.whistleblowing.software\/wp-content\/uploads\/2023\/10\/whistleblowing-software-1.png 600w\" data-sizes=\"auto\" data-orig-sizes=\"(max-width: 1024px) 100vw, (max-width: 640px) 100vw, 600px\" \/><\/span><\/div><\/div><\/div><\/div><\/div><div id=\"contactos\" class=\"fusion-container-anchor\"><div class=\"fusion-fullwidth fullwidth-box fusion-builder-row-3 fusion-flex-container has-pattern-background has-mask-background nonhundred-percent-fullwidth non-hundred-percent-height-scrolling\" style=\"--awb-border-radius-top-left:0px;--awb-border-radius-top-right:0px;--awb-border-radius-bottom-right:0px;--awb-border-radius-bottom-left:0px;--awb-padding-top:2%;--awb-padding-bottom:2%;--awb-background-color:var(--awb-color2);--awb-flex-wrap:wrap;\" ><div class=\"fusion-builder-row fusion-row fusion-flex-align-items-flex-start fusion-flex-justify-content-space-evenly fusion-flex-content-wrap\" style=\"max-width:1420.64px;margin-left: calc(-4% \/ 2 );margin-right: calc(-4% \/ 2 );\"><div class=\"fusion-layout-column fusion_builder_column fusion-builder-column-4 fusion_builder_column_1_1 1_1 fusion-flex-column\" style=\"--awb-padding-bottom:40px;--awb-bg-size:cover;--awb-width-large:100%;--awb-margin-top-large:0px;--awb-spacing-right-large:1.92%;--awb-margin-bottom-large:0px;--awb-spacing-left-large:1.92%;--awb-width-medium:100%;--awb-order-medium:0;--awb-spacing-right-medium:1.92%;--awb-spacing-left-medium:1.92%;--awb-width-small:100%;--awb-order-small:0;--awb-spacing-right-small:1.92%;--awb-spacing-left-small:1.92%;\"><div class=\"fusion-column-wrapper fusion-column-has-shadow fusion-flex-justify-content-flex-start fusion-content-layout-column\"><div class=\"fusion-text fusion-text-4\" style=\"--awb-content-alignment:center;\"><h2 style=\"font-size: 28px; font-family: Roboto; font-weight: 500;\" data-fusion-font=\"true\" data-fusion-google-font=\"Roboto\" data-fusion-google-variant=\"500\">Rellene el formulario y descubra las posibilidades de colaboraci\u00f3n<\/h2>\n<\/div><\/div><\/div><div class=\"fusion-layout-column fusion_builder_column fusion-builder-column-5 fusion_builder_column_4_5 4_5 fusion-flex-column\" style=\"--awb-padding-top:20px;--awb-padding-right:20px;--awb-padding-bottom:20px;--awb-padding-left:20px;--awb-overflow:hidden;--awb-bg-color:var(--awb-color1);--awb-bg-color-hover:var(--awb-color1);--awb-bg-size:cover;--awb-border-radius:8px 8px 8px 8px;--awb-width-large:80%;--awb-margin-top-large:0px;--awb-spacing-right-large:2.4%;--awb-margin-bottom-large:0px;--awb-spacing-left-large:2.4%;--awb-width-medium:100%;--awb-order-medium:0;--awb-spacing-right-medium:1.92%;--awb-spacing-left-medium:1.92%;--awb-width-small:100%;--awb-order-small:0;--awb-spacing-right-small:1.92%;--awb-spacing-left-small:1.92%;\"><div class=\"fusion-column-wrapper fusion-column-has-shadow fusion-flex-justify-content-flex-start fusion-content-layout-column\">\n<div class=\"wpcf7 no-js\" id=\"wpcf7-f24976-o1\" lang=\"it-IT\" dir=\"ltr\" data-wpcf7-id=\"24976\">\n<div class=\"screen-reader-response\"><p role=\"status\" aria-live=\"polite\" aria-atomic=\"true\"><\/p> <ul><\/ul><\/div>\n<form action=\"\/es\/wp-json\/wp\/v2\/pages\/24977#wpcf7-f24976-o1\" method=\"post\" class=\"wpcf7-form init\" aria-label=\"Modulo di contatto\" novalidate=\"novalidate\" data-status=\"init\">\n<fieldset class=\"hidden-fields-container\"><input type=\"hidden\" name=\"_wpcf7\" value=\"24976\" \/><input type=\"hidden\" name=\"_wpcf7_version\" value=\"6.1.5\" \/><input type=\"hidden\" name=\"_wpcf7_locale\" value=\"it_IT\" \/><input type=\"hidden\" name=\"_wpcf7_unit_tag\" value=\"wpcf7-f24976-o1\" \/><input type=\"hidden\" name=\"_wpcf7_container_post\" value=\"0\" \/><input type=\"hidden\" name=\"_wpcf7_posted_data_hash\" value=\"\" \/>\n<\/fieldset>\n<div class=\"clearfix\">\n\t<div id=\"left\">\n\t\t<p><label> Nombre*<br \/>\n<span class=\"wpcf7-form-control-wrap\" data-name=\"your-name\"><input size=\"40\" maxlength=\"400\" class=\"wpcf7-form-control wpcf7-text wpcf7-validates-as-required\" aria-required=\"true\" aria-invalid=\"false\" value=\"\" type=\"text\" name=\"your-name\" \/><\/span> <\/label>\n\t\t<\/p>\n\t\t<p><label> Empresa\/Entidad*<br \/>\n<span class=\"wpcf7-form-control-wrap\" data-name=\"empresa\"><input size=\"40\" maxlength=\"400\" class=\"wpcf7-form-control wpcf7-text wpcf7-validates-as-required\" aria-required=\"true\" aria-invalid=\"false\" value=\"\" type=\"text\" name=\"empresa\" \/><\/span> <\/label>\n\t\t<\/p>\n\t\t<p><label> Correo electr\u00f3nico*<br \/>\n<span class=\"wpcf7-form-control-wrap\" data-name=\"your-email\"><input size=\"40\" maxlength=\"400\" class=\"wpcf7-form-control wpcf7-email wpcf7-validates-as-required wpcf7-text wpcf7-validates-as-email\" aria-required=\"true\" aria-invalid=\"false\" value=\"\" type=\"email\" name=\"your-email\" \/><\/span> <\/label>\n\t\t<\/p>\n\t<\/div>\n\t<div id=\"right\">\n\t\t<p><label> Appellido*<br \/>\n<span class=\"wpcf7-form-control-wrap\" data-name=\"appellido\"><input size=\"40\" maxlength=\"400\" class=\"wpcf7-form-control wpcf7-text wpcf7-validates-as-required\" aria-required=\"true\" aria-invalid=\"false\" value=\"\" type=\"text\" name=\"appellido\" \/><\/span> <\/label>\n\t\t<\/p>\n\t\t<p><label> Sector*<br \/>\n<span class=\"wpcf7-form-control-wrap\" data-name=\"sector\"><input size=\"40\" maxlength=\"400\" class=\"wpcf7-form-control wpcf7-text wpcf7-validates-as-required\" aria-required=\"true\" aria-invalid=\"false\" value=\"\" type=\"text\" name=\"sector\" \/><\/span> <\/label>\n\t\t<\/p>\n\t\t<p><label> Tel\u00e9fono*<br \/>\n<span class=\"wpcf7-form-control-wrap intl_tel-955\"><input class=\"wpcf7-form-control wpcf7-intl_tel wpcf7-validates-as-required wpcf7-intl-tel wpcf7-form wpcf7-text\" aria-required=\"true\" aria-invalid=\"false\" placeholder=\"\" data-initialcountry=\"es\" value=\"\" type=\"tel\" name=\"intl_tel-955-cf7it-national\" \/><input name=\"intl_tel-955\" type=\"hidden\" class=\"wpcf7-intl-tel-full\" \/><input type=\"hidden\" name=\"intl_tel-955-cf7it-country-name\" class=\"wpcf7-intl-tel-country-name\" \/><input type=\"hidden\" name=\"intl_tel-955-cf7it-country-code\" class=\"wpcf7-intl-tel-country-code\" \/><input type=\"hidden\" name=\"intl_tel-955-cf7it-country-iso2\" class=\"wpcf7-intl-tel-country-iso2\" \/><\/span> <\/label>\n\t\t<\/p>\n\t<\/div>\n<\/div>\n<p><label> Mensaje*<br \/>\n<span class=\"wpcf7-form-control-wrap\" data-name=\"your-message\"><textarea cols=\"40\" rows=\"10\" maxlength=\"2000\" class=\"wpcf7-form-control wpcf7-textarea wpcf7-validates-as-required\" aria-required=\"true\" aria-invalid=\"false\" name=\"your-message\"><\/textarea><\/span> <\/label>\n<\/p>\n<p><label><span class=\"wpcf7-form-control-wrap\" data-name=\"InformativaPrivacy\"><span class=\"wpcf7-form-control wpcf7-acceptance\"><span class=\"wpcf7-list-item\"><input type=\"checkbox\" name=\"InformativaPrivacy\" value=\"1\" aria-invalid=\"false\" \/><\/span><\/span><\/span> He le\u00eddo <a href=\"\/es\/politica-de-privacidad-y-cookies\/\" target=\"_blank\">la Pol\u00edtica de Privacidad<\/a><\/label> y consiento el tratamiento de mis datos personales para los fines de la informaci\u00f3n publicada en el sitio.\n<\/p>\n<p style=\"padding: 20px; background-color: #ebf7ff; border-radius: 6px; line-height:1.5; margin-bottom: 20px\"><span style=\"color: #284d97; font-weight: 600\">ATENCI\u00d3N<\/span> Se advierte a los clientes que las solicitudes de soporte enviadas a trav\u00e9s de este formulario no ser\u00e1n atendidas por nuestro departamento de soporte.<br \/>\nPor favor, utilice el <a href=\"https:\/\/helpdesk.digitalpa.net\/?lang=es_ES\" target=\"_blank\" style=\"color: #284d97\"><strong>Portal de Asistencia DigitalPA<\/strong><\/a> para todas las solicitudes de soporte t\u00e9cnico, lo que nos permite cumplir con los plazos de entrada. Gracias por su colaboraci\u00f3n.\n<\/p>\n<p><span id=\"wpcf7-69f01c6f7873b-wrapper\" class=\"wpcf7-form-control-wrap website-wrap\" ><label for=\"wpcf7-69f01c6f7873b-field\" class=\"hp-message\">Si prega di lasciare vuoto questo campo.<\/label><input id=\"wpcf7-69f01c6f7873b-field\"  class=\"wpcf7-form-control wpcf7-text\" type=\"text\" name=\"website\" value=\"\" size=\"40\" tabindex=\"-1\" autocomplete=\"new-password\" \/><\/span>\n<\/p>\n<div class=\"g-recaptcha\" data-sitekey=\"6LfPp64pAAAAADQZej9uhFuXgYqxXib1lAvjEyyh\" data-action=\"login\">\n<\/div>\n<input class=\"wpcf7-form-control wpcf7-hidden\" value=\"https:\/\/www.whistleblowing.software\/es\/gracias-por-ponerse-en-contacto-con-nosotros\/\" type=\"hidden\" name=\"redirect\" \/>\n<p><input class=\"wpcf7-form-control wpcf7-submit has-spinner\" type=\"submit\" value=\"Enviar\" \/>\n<\/p><div class=\"fusion-alert alert custom alert-custom fusion-alert-center wpcf7-response-output fusion-alert-capitalize awb-alert-native-link-color alert-dismissable awb-alert-close-boxed\" style=\"--awb-border-size:1px;--awb-border-top-left-radius:0px;--awb-border-top-right-radius:0px;--awb-border-bottom-left-radius:0px;--awb-border-bottom-right-radius:0px;\" role=\"alert\"><div class=\"fusion-alert-content-wrapper\"><span class=\"fusion-alert-content\"><\/span><\/div><button type=\"button\" class=\"close toggle-alert\" data-dismiss=\"alert\" aria-label=\"Close\">&times;<\/button><\/div>\n<\/form>\n<\/div>\n<\/div><\/div><\/div><\/div><\/div><\/p>\n","protected":false},"excerpt":{"rendered":"","protected":false},"author":13,"featured_media":0,"parent":0,"menu_order":0,"comment_status":"closed","ping_status":"closed","template":"100-width.php","meta":{"footnotes":""},"class_list":["post-24977","page","type-page","status-publish","hentry"],"yoast_head":"<!-- This site is optimized with the Yoast SEO Premium plugin v27.4 (Yoast SEO v27.4) - https:\/\/yoast.com\/product\/yoast-seo-premium-wordpress\/ -->\n<title>Convi\u00e9rtase en socio | Soluci\u00f3n de denuncia de irregularidades para<\/title>\n<meta name=\"description\" content=\"Complete su oferta: ofrezca a sus clientes lo mejor en gesti\u00f3n de irregularidades con Legality Whistleblowing\" \/>\n<meta name=\"robots\" content=\"index, follow, max-snippet:-1, max-image-preview:large, max-video-preview:-1\" \/>\n<link rel=\"canonical\" href=\"https:\/\/www.whistleblowing.software\/es\/programa-partner\/\" \/>\n<meta property=\"og:locale\" content=\"es_ES\" \/>\n<meta property=\"og:type\" content=\"article\" \/>\n<meta property=\"og:title\" content=\"Partner\" \/>\n<meta property=\"og:description\" content=\"Complete su oferta: ofrezca a sus clientes lo mejor en gesti\u00f3n de irregularidades con Legality Whistleblowing\" \/>\n<meta property=\"og:url\" content=\"https:\/\/www.whistleblowing.software\/es\/programa-partner\/\" \/>\n<meta property=\"og:site_name\" content=\"Software Whistleblowing - Denuncia de irregularidades\" \/>\n<meta property=\"article:modified_time\" content=\"2023-10-10T08:59:50+00:00\" \/>\n<meta name=\"twitter:card\" content=\"summary_large_image\" \/>\n<meta name=\"twitter:label1\" content=\"Tiempo de lectura\" \/>\n\t<meta name=\"twitter:data1\" content=\"4 minutos\" \/>\n<script type=\"application\/ld+json\" class=\"yoast-schema-graph\">{\"@context\":\"https:\\\/\\\/schema.org\",\"@graph\":[{\"@type\":\"WebPage\",\"@id\":\"https:\\\/\\\/www.whistleblowing.software\\\/es\\\/programa-partner\\\/\",\"url\":\"https:\\\/\\\/www.whistleblowing.software\\\/es\\\/programa-partner\\\/\",\"name\":\"Convi\u00e9rtase en socio | Soluci\u00f3n de denuncia de irregularidades para\",\"isPartOf\":{\"@id\":\"https:\\\/\\\/www.whistleblowing.software\\\/en\\\/#website\"},\"datePublished\":\"2023-10-04T08:24:01+00:00\",\"dateModified\":\"2023-10-10T08:59:50+00:00\",\"description\":\"Complete su oferta: ofrezca a sus clientes lo mejor en gesti\u00f3n de irregularidades con Legality Whistleblowing\",\"breadcrumb\":{\"@id\":\"https:\\\/\\\/www.whistleblowing.software\\\/es\\\/programa-partner\\\/#breadcrumb\"},\"inLanguage\":\"es\",\"potentialAction\":[{\"@type\":\"ReadAction\",\"target\":[\"https:\\\/\\\/www.whistleblowing.software\\\/es\\\/programa-partner\\\/\"]}]},{\"@type\":\"BreadcrumbList\",\"@id\":\"https:\\\/\\\/www.whistleblowing.software\\\/es\\\/programa-partner\\\/#breadcrumb\",\"itemListElement\":[{\"@type\":\"ListItem\",\"position\":1,\"name\":\"Home\",\"item\":\"https:\\\/\\\/www.whistleblowing.software\\\/es\\\/\"},{\"@type\":\"ListItem\",\"position\":2,\"name\":\"Partner\"}]},{\"@type\":\"WebSite\",\"@id\":\"https:\\\/\\\/www.whistleblowing.software\\\/en\\\/#website\",\"url\":\"https:\\\/\\\/www.whistleblowing.software\\\/en\\\/\",\"name\":\"Software Whistleblowing - Denuncia de irregularidades\",\"description\":\"Canal de Denuncias para empresas y entes p\u00fablicos\",\"potentialAction\":[{\"@type\":\"SearchAction\",\"target\":{\"@type\":\"EntryPoint\",\"urlTemplate\":\"https:\\\/\\\/www.whistleblowing.software\\\/en\\\/?s={search_term_string}\"},\"query-input\":{\"@type\":\"PropertyValueSpecification\",\"valueRequired\":true,\"valueName\":\"search_term_string\"}}],\"inLanguage\":\"es\"}]}<\/script>\n<!-- \/ Yoast SEO Premium plugin. -->","yoast_head_json":{"title":"Convi\u00e9rtase en socio | Soluci\u00f3n de denuncia de irregularidades para","description":"Complete su oferta: ofrezca a sus clientes lo mejor en gesti\u00f3n de irregularidades con Legality Whistleblowing","robots":{"index":"index","follow":"follow","max-snippet":"max-snippet:-1","max-image-preview":"max-image-preview:large","max-video-preview":"max-video-preview:-1"},"canonical":"https:\/\/www.whistleblowing.software\/es\/programa-partner\/","og_locale":"es_ES","og_type":"article","og_title":"Partner","og_description":"Complete su oferta: ofrezca a sus clientes lo mejor en gesti\u00f3n de irregularidades con Legality Whistleblowing","og_url":"https:\/\/www.whistleblowing.software\/es\/programa-partner\/","og_site_name":"Software Whistleblowing - Denuncia de irregularidades","article_modified_time":"2023-10-10T08:59:50+00:00","twitter_card":"summary_large_image","twitter_misc":{"Tiempo de lectura":"4 minutos"},"schema":{"@context":"https:\/\/schema.org","@graph":[{"@type":"WebPage","@id":"https:\/\/www.whistleblowing.software\/es\/programa-partner\/","url":"https:\/\/www.whistleblowing.software\/es\/programa-partner\/","name":"Convi\u00e9rtase en socio | Soluci\u00f3n de denuncia de irregularidades para","isPartOf":{"@id":"https:\/\/www.whistleblowing.software\/en\/#website"},"datePublished":"2023-10-04T08:24:01+00:00","dateModified":"2023-10-10T08:59:50+00:00","description":"Complete su oferta: ofrezca a sus clientes lo mejor en gesti\u00f3n de irregularidades con Legality Whistleblowing","breadcrumb":{"@id":"https:\/\/www.whistleblowing.software\/es\/programa-partner\/#breadcrumb"},"inLanguage":"es","potentialAction":[{"@type":"ReadAction","target":["https:\/\/www.whistleblowing.software\/es\/programa-partner\/"]}]},{"@type":"BreadcrumbList","@id":"https:\/\/www.whistleblowing.software\/es\/programa-partner\/#breadcrumb","itemListElement":[{"@type":"ListItem","position":1,"name":"Home","item":"https:\/\/www.whistleblowing.software\/es\/"},{"@type":"ListItem","position":2,"name":"Partner"}]},{"@type":"WebSite","@id":"https:\/\/www.whistleblowing.software\/en\/#website","url":"https:\/\/www.whistleblowing.software\/en\/","name":"Software Whistleblowing - Denuncia de irregularidades","description":"Canal de Denuncias para empresas y entes p\u00fablicos","potentialAction":[{"@type":"SearchAction","target":{"@type":"EntryPoint","urlTemplate":"https:\/\/www.whistleblowing.software\/en\/?s={search_term_string}"},"query-input":{"@type":"PropertyValueSpecification","valueRequired":true,"valueName":"search_term_string"}}],"inLanguage":"es"}]}},"_links":{"self":[{"href":"https:\/\/www.whistleblowing.software\/es\/wp-json\/wp\/v2\/pages\/24977","targetHints":{"allow":["GET"]}}],"collection":[{"href":"https:\/\/www.whistleblowing.software\/es\/wp-json\/wp\/v2\/pages"}],"about":[{"href":"https:\/\/www.whistleblowing.software\/es\/wp-json\/wp\/v2\/types\/page"}],"author":[{"embeddable":true,"href":"https:\/\/www.whistleblowing.software\/es\/wp-json\/wp\/v2\/users\/13"}],"replies":[{"embeddable":true,"href":"https:\/\/www.whistleblowing.software\/es\/wp-json\/wp\/v2\/comments?post=24977"}],"version-history":[{"count":8,"href":"https:\/\/www.whistleblowing.software\/es\/wp-json\/wp\/v2\/pages\/24977\/revisions"}],"predecessor-version":[{"id":25087,"href":"https:\/\/www.whistleblowing.software\/es\/wp-json\/wp\/v2\/pages\/24977\/revisions\/25087"}],"wp:attachment":[{"href":"https:\/\/www.whistleblowing.software\/es\/wp-json\/wp\/v2\/media?parent=24977"}],"curies":[{"name":"wp","href":"https:\/\/api.w.org\/{rel}","templated":true}]}}