{"id":2046,"date":"2020-11-24T15:18:45","date_gmt":"2020-11-24T14:18:45","guid":{"rendered":"https:\/\/www.whistleblowing.software\/?page_id=2046"},"modified":"2023-01-09T13:11:37","modified_gmt":"2023-01-09T12:11:37","slug":"politica-de-privacidad-y-cookies","status":"publish","type":"page","link":"https:\/\/www.whistleblowing.software\/es\/politica-de-privacidad-y-cookies\/","title":{"rendered":"Pol\u00edtica de privacidad y cookies"},"content":{"rendered":"<div class=\"fusion-fullwidth fullwidth-box fusion-builder-row-1 fusion-flex-container nonhundred-percent-fullwidth non-hundred-percent-height-scrolling\" style=\"--awb-border-radius-top-left:0px;--awb-border-radius-top-right:0px;--awb-border-radius-bottom-right:0px;--awb-border-radius-bottom-left:0px;--awb-flex-wrap:wrap;\" ><div class=\"fusion-builder-row fusion-row fusion-flex-align-items-flex-start fusion-flex-content-wrap\" style=\"max-width:1420.64px;margin-left: calc(-4% \/ 2 );margin-right: calc(-4% \/ 2 );\"><div class=\"fusion-layout-column fusion_builder_column fusion-builder-column-0 fusion_builder_column_1_1 1_1 fusion-flex-column\" style=\"--awb-bg-size:cover;--awb-width-large:100%;--awb-margin-top-large:0px;--awb-spacing-right-large:1.92%;--awb-margin-bottom-large:0px;--awb-spacing-left-large:1.92%;--awb-width-medium:100%;--awb-spacing-right-medium:1.92%;--awb-spacing-left-medium:1.92%;--awb-width-small:100%;--awb-spacing-right-small:1.92%;--awb-spacing-left-small:1.92%;\"><div class=\"fusion-column-wrapper fusion-flex-justify-content-flex-start fusion-content-layout-column\"><div class=\"fusion-text fusion-text-1\"><div class=\"entry-content\">\n<h1 style=\"--fontSize: 48; line-height: 1;\" data-fontsize=\"48\" data-lineheight=\"48px\" class=\"fusion-responsive-typography-calculated\"><\/h1>\n<h1 style=\"--fontSize: 48; line-height: 1;\" data-fontsize=\"48\" data-lineheight=\"48px\" class=\"fusion-responsive-typography-calculated\"><strong>Pol\u00edtica de privacidad y cookies<\/strong><\/h1>\n<p>Esta secci\u00f3n del portal tiene el objetivo de indicar las pol\u00edticas de la empresa DigitalPA S.r.l. (de conformidad con el GDPR \u2013 Reglamento General de Protecci\u00f3n de Datos \u2013 2016\/679) en relaci\u00f3n con el tratamiento de los datos personales recogidos durante la navegaci\u00f3n por el portal.<\/p>\n<p>La nota informativa solo se aplica para el portal gestionado por la empresa DigitalPA S.r.l, aunque el Administrador recomienda encarecidamente familiarizarse con las pol\u00edticas de la privacidad y los t\u00e9rminos de uso de cualquier otro sitio web externo y\/o de los servicios pertenecientes a terceros, no estando estos de ninguna manera sujetos al \u00e1mbito de aplicaci\u00f3n del Administrador.<\/p>\n<p>La nota informativa tambi\u00e9n se basa en la Recomendaci\u00f3n n\u00fam. 2\/2001 que las autoridades europeas para la protecci\u00f3n de los datos personales, reunidas en el Grupo creado por el art\u00edculo 29 de la Directiva n\u00fam. 95\/46\/CE, adoptaron el 17 de mayo de 2001 para establecer algunos requisitos m\u00ednimos para la recopilaci\u00f3n en l\u00ednea de datos de car\u00e1cter personal, y en concreto, las modalidades, los tiempos y la naturaleza de la informaci\u00f3n que los titulares del tratamiento deben proporcionar a los usuarios cuando estos se conectan a p\u00e1ginas web, independientemente de las finalidades de la conexi\u00f3n.<\/p>\n<h3 style=\"--fontSize: 24; line-height: 1.2;\" data-fontsize=\"24\" data-lineheight=\"28.8px\" class=\"fusion-responsive-typography-calculated\"><strong>Titular Del Tratamiento<\/strong><\/h3>\n<p>El Titular del tratamiento de los datos es la empresa DigitalPA S.r.l. con sede legal en Cagliari, en via San Tommaso d\u2019Aquino 18A, a la cual es posible dirigirse para ejercer los derechos mencionados en el art\u00edculo 13 y\/o para eventuales aclaraciones en materia de protecci\u00f3n de datos personales,<br \/>\ny que puede ser contactada en la direcci\u00f3n: <a href=\"mailto:privacy@digitalpa.it\">privacy@digitalpa.it<\/a><\/p>\n<h3 style=\"--fontSize: 24; line-height: 1.2;\" data-fontsize=\"24\" data-lineheight=\"28.8px\" class=\"fusion-responsive-typography-calculated\"><strong>Lugar Del Tratamiento De Los Datos<\/strong><\/h3>\n<p>Los tratamientos relacionados con los servicios web de este portal tienen lugar en la sede de la empresa DigitalPA S.r.l. y son tramitados solo por personal t\u00e9cnico de la sociedad encargada del tratamiento. Los datos personales proporcionados por los usuarios que remiten solicitudes de env\u00edo de material informativo o servicios en general se utilizan con el \u00fanico fin de realizar el servicio o la asistencia solicitada y no se comunican a personas no autorizadas.<\/p>\n<h3 style=\"--fontSize: 24; line-height: 1.2;\" data-fontsize=\"24\" data-lineheight=\"28.8px\" class=\"fusion-responsive-typography-calculated\"><strong>Tipos de datos tratados<\/strong><\/h3>\n<p><strong>Datos de navegaci\u00f3n<\/strong><\/p>\n<p>Los sistemas inform\u00e1ticos y los procedimientos de software para el funcionamiento de este portal recogen, durante su funcionamiento normal, algunos datos personales cuya transmisi\u00f3n es impl\u00edcita en el uso de protocolos de comunicaci\u00f3n de Internet.<\/p>\n<p>Se trata de informaciones que no son recogidas para ser asociadas a personas identificadas, sino que por su propia naturaleza podr\u00edan, mediante elaboraciones y asociaciones con datos en posesi\u00f3n de terceros, permitir identificar a los usuarios.<\/p>\n<p>En esta categor\u00eda de datos entran las direcciones IP o los nombres con dominio de los ordenadores utilizados por los usuarios que se conectan al portal, las direcciones de los recursos solicitados, el horario de la solicitud, el m\u00e9todo utilizado al someter la solicitud al servidor, las dimensiones del archivo obtenido como respuesta, el c\u00f3digo num\u00e9rico que indica el estado de la respuesta dada por el servidor (correcta, error, etc.) y otros par\u00e1metros relativos al sistema operativo y al entorno inform\u00e1tico del usuario.<\/p>\n<p><strong>Datos proporcionados voluntariamente por el usuario<\/strong><\/p>\n<p>El env\u00edo facultativo, expl\u00edcito y voluntario de correo electr\u00f3nico a las direcciones indicadas en este portal comporta la posterior adquisici\u00f3n de la direcci\u00f3n del remitente, necesaria para responder a las solicitudes, as\u00ed como los otros eventuales datos personales introducidos en el escrito.<\/p>\n<p>Se precisa que los datos personales y\/o empresariales introducidos en los formularios presentes en este portal son protegidos por la empresa DigitalPA S.r.l. y se utilizan para responder a las preguntas del usuario, para proporcionar la informaci\u00f3n solicitada o para contactar con el usuario.<\/p>\n<p>Las notas informativas espec\u00edficas de tesis se indicar\u00e1n o visualizar\u00e1n de manera progresiva en las p\u00e1ginas del portal relativas para servicios especiales a petici\u00f3n.<\/p>\n<h3 style=\"--fontSize: 24; line-height: 1.2;\" data-fontsize=\"24\" data-lineheight=\"28.8px\" class=\"fusion-responsive-typography-calculated\"><strong>Cookies<\/strong><\/h3>\n<p>El portal no recopilar\u00e1 impl\u00edcitamente ning\u00fan dato personal de los usuarios.No se usan cookies para transmitir informaci\u00f3n de car\u00e1cter personal, ni tampoco se utilizan cookies permanentes para el seguimiento de los usuarios. Se utilizan exclusivamente cookies t\u00e9cnicas, las cuales no permiten la creaci\u00f3n de perfiles y la identificaci\u00f3n de las personas f\u00edsicas. La \u00fanica cookie permanente que se utiliza permite personalizar la navegaci\u00f3n del portal por parte del usuario en aras de simplificar el acceso al propio portal. El uso de las cookies de sesi\u00f3n (que no se almacenan de forma permanente en el ordenador del usuario y que desaparecen cuando se cierra el navegador) se limita estrictamente a la transmisi\u00f3n de identificadores de sesi\u00f3n (constituidos por n\u00fameros aleatorios generados por el servidor), necesarios para permitir la navegaci\u00f3n segura y eficiente del portal.<\/p>\n<p><b>Google reCAPTCHA<\/b><\/p>\n<p>Este sitio web utiliza el servicio \u00abGoogle reCAPTCHA\u00bb, un servicio dise\u00f1ado para prevenir o disuadir el env\u00edo de comentarios o mensajes spam por parte de usuarios o spambots.<br \/>El uso de esta tecnolog\u00eda implica la instalaci\u00f3n de cookies (_GRECAPTCHA non-profiling) de la tercera empresa, Google Inc. Sin embargo, el sitio no comparte ninguna informaci\u00f3n de navegaci\u00f3n ni datos del usuario. Tambi\u00e9n es posible consultar la pol\u00edtica de privacidad dirigida a los Usuarios haciendo clic <a target=\"_blank\" rel=\"noopener noreferrer\" href=\"https:\/\/policies.google.com\/privacy?hl=es\">aqu\u00ed<\/a>. (Cookie duraci\u00f3n 90 d\u00edas)<\/p>\n<h3 style=\"--fontSize: 24; line-height: 1.2;\" data-fontsize=\"24\" data-lineheight=\"28.8px\" class=\"fusion-responsive-typography-calculated\"><strong>Opcionalidad de la concesi\u00f3n de los datos<\/strong><\/h3>\n<p>Adem\u00e1s de todo aquello especificado para los datos de navegaci\u00f3n, el usuario es libre para proporcionar los datos personales contenidos en los m\u00f3dulos de solicitud de los mismos. La no concesi\u00f3n de los datos puede comportar la imposibilidad de obtener todo aquello solicitado.<\/p>\n<h3 style=\"--fontSize: 24; line-height: 1.2;\" data-fontsize=\"24\" data-lineheight=\"28.8px\" class=\"fusion-responsive-typography-calculated\"><strong>Modalidad del tratamiento de datos<\/strong><\/h3>\n<p>Personal data is processed with automated tools for the time strictly necessary to achieve the purposes for which they were collected. Specific security measures are observed to prevent data loss, unlawful or incorrect uses and unauthorized access.<\/p>\n<h3 style=\"--fontSize: 24; line-height: 1.2;\" data-fontsize=\"24\" data-lineheight=\"28.8px\" class=\"fusion-responsive-typography-calculated\"><strong>Derechos de las personas<\/strong><\/h3>\n<p>Las personas a las que se refieren los datos personales tienen el derecho en cualquier momento:<\/p>\n<ul>\n<li>de poder acceder plenamente a sus datos personales y a una copia de los mismos, si el Titular poseyera y\/o tratara los datos personales que les conciernen;<\/li>\n<li>de obtener la rectificaci\u00f3n o la cancelaci\u00f3n de los mismos, o la limitaci\u00f3n del tratamiento que les conciernen;<\/li>\n<li>de oponerse en cualquier caso, por motivos leg\u00edtimos, al tratamiento de sus datos;<\/li>\n<li>de ejercer el derecho a la portabilidad de los datos;<\/li>\n<li>de revocar su consentimiento al tratamiento de los datos personales en los casos previstos. La revocaci\u00f3n del consentimiento no afecta a la licitud del tratamiento basada en el consentimiento dado antes de la revocaci\u00f3n;<\/li>\n<li>de presentar una reclamaci\u00f3n a la autoridad de control en materia de protecci\u00f3n de los datos personales.<\/li>\n<\/ul>\n<p>Las solicitudes deben ser enviadas a la direcci\u00f3n: DigitalPA S.r.l. \u2013 via S. Tommaso d\u2019Aquino 18\/A, 09134 Cagliari (CA).<\/p>\n<p>El \u201cResponsable de la Protecci\u00f3n de los Datos\u201d, al cual es posible dirigirse para ejercer los derechos contemplados en el Art\u00edculo 13 del GDPR y\/o para eventuales aclaraciones en materia de protecci\u00f3n de datos personales, puede ser contactado en la direcci\u00f3n: <a href=\"mailto:privacy@digitalpa.it\">privacy@digitalpa.it<\/a>.<\/p>\n<\/div>\n<\/div><\/div><\/div><\/div><\/div>\n","protected":false},"excerpt":{"rendered":"","protected":false},"author":5,"featured_media":0,"parent":0,"menu_order":0,"comment_status":"closed","ping_status":"closed","template":"","meta":{"footnotes":""},"class_list":["post-2046","page","type-page","status-publish","hentry"],"yoast_head":"<!-- This site is optimized with the Yoast SEO Premium plugin v27.4 (Yoast SEO v27.4) - https:\/\/yoast.com\/product\/yoast-seo-premium-wordpress\/ -->\n<title>Pol\u00edtica de privacidad y cookies - Software Whistleblowing - Denuncia de irregularidades<\/title>\n<meta name=\"robots\" content=\"index, follow, max-snippet:-1, max-image-preview:large, max-video-preview:-1\" \/>\n<link rel=\"canonical\" href=\"https:\/\/www.whistleblowing.software\/es\/politica-de-privacidad-y-cookies\/\" \/>\n<meta property=\"og:locale\" content=\"es_ES\" \/>\n<meta property=\"og:type\" content=\"article\" \/>\n<meta property=\"og:title\" content=\"Pol\u00edtica de privacidad y cookies\" \/>\n<meta property=\"og:url\" content=\"https:\/\/www.whistleblowing.software\/es\/politica-de-privacidad-y-cookies\/\" \/>\n<meta property=\"og:site_name\" content=\"Software Whistleblowing - Denuncia de irregularidades\" \/>\n<meta property=\"article:modified_time\" content=\"2023-01-09T12:11:37+00:00\" \/>\n<meta name=\"twitter:card\" content=\"summary_large_image\" \/>\n<meta name=\"twitter:label1\" content=\"Tiempo de lectura\" \/>\n\t<meta name=\"twitter:data1\" content=\"7 minutos\" \/>\n<script type=\"application\/ld+json\" class=\"yoast-schema-graph\">{\"@context\":\"https:\\\/\\\/schema.org\",\"@graph\":[{\"@type\":\"WebPage\",\"@id\":\"https:\\\/\\\/www.whistleblowing.software\\\/es\\\/politica-de-privacidad-y-cookies\\\/\",\"url\":\"https:\\\/\\\/www.whistleblowing.software\\\/es\\\/politica-de-privacidad-y-cookies\\\/\",\"name\":\"Pol\u00edtica de privacidad y cookies - Software Whistleblowing - Denuncia de irregularidades\",\"isPartOf\":{\"@id\":\"https:\\\/\\\/www.whistleblowing.software\\\/en\\\/#website\"},\"datePublished\":\"2020-11-24T14:18:45+00:00\",\"dateModified\":\"2023-01-09T12:11:37+00:00\",\"breadcrumb\":{\"@id\":\"https:\\\/\\\/www.whistleblowing.software\\\/es\\\/politica-de-privacidad-y-cookies\\\/#breadcrumb\"},\"inLanguage\":\"es\",\"potentialAction\":[{\"@type\":\"ReadAction\",\"target\":[\"https:\\\/\\\/www.whistleblowing.software\\\/es\\\/politica-de-privacidad-y-cookies\\\/\"]}]},{\"@type\":\"BreadcrumbList\",\"@id\":\"https:\\\/\\\/www.whistleblowing.software\\\/es\\\/politica-de-privacidad-y-cookies\\\/#breadcrumb\",\"itemListElement\":[{\"@type\":\"ListItem\",\"position\":1,\"name\":\"Home\",\"item\":\"https:\\\/\\\/www.whistleblowing.software\\\/es\\\/\"},{\"@type\":\"ListItem\",\"position\":2,\"name\":\"Pol\u00edtica de privacidad y cookies\"}]},{\"@type\":\"WebSite\",\"@id\":\"https:\\\/\\\/www.whistleblowing.software\\\/en\\\/#website\",\"url\":\"https:\\\/\\\/www.whistleblowing.software\\\/en\\\/\",\"name\":\"Software Whistleblowing - Denuncia de irregularidades\",\"description\":\"Canal de Denuncias para empresas y entes p\u00fablicos\",\"potentialAction\":[{\"@type\":\"SearchAction\",\"target\":{\"@type\":\"EntryPoint\",\"urlTemplate\":\"https:\\\/\\\/www.whistleblowing.software\\\/en\\\/?s={search_term_string}\"},\"query-input\":{\"@type\":\"PropertyValueSpecification\",\"valueRequired\":true,\"valueName\":\"search_term_string\"}}],\"inLanguage\":\"es\"}]}<\/script>\n<!-- \/ Yoast SEO Premium plugin. -->","yoast_head_json":{"title":"Pol\u00edtica de privacidad y cookies - Software Whistleblowing - Denuncia de irregularidades","robots":{"index":"index","follow":"follow","max-snippet":"max-snippet:-1","max-image-preview":"max-image-preview:large","max-video-preview":"max-video-preview:-1"},"canonical":"https:\/\/www.whistleblowing.software\/es\/politica-de-privacidad-y-cookies\/","og_locale":"es_ES","og_type":"article","og_title":"Pol\u00edtica de privacidad y cookies","og_url":"https:\/\/www.whistleblowing.software\/es\/politica-de-privacidad-y-cookies\/","og_site_name":"Software Whistleblowing - Denuncia de irregularidades","article_modified_time":"2023-01-09T12:11:37+00:00","twitter_card":"summary_large_image","twitter_misc":{"Tiempo de lectura":"7 minutos"},"schema":{"@context":"https:\/\/schema.org","@graph":[{"@type":"WebPage","@id":"https:\/\/www.whistleblowing.software\/es\/politica-de-privacidad-y-cookies\/","url":"https:\/\/www.whistleblowing.software\/es\/politica-de-privacidad-y-cookies\/","name":"Pol\u00edtica de privacidad y cookies - Software Whistleblowing - Denuncia de irregularidades","isPartOf":{"@id":"https:\/\/www.whistleblowing.software\/en\/#website"},"datePublished":"2020-11-24T14:18:45+00:00","dateModified":"2023-01-09T12:11:37+00:00","breadcrumb":{"@id":"https:\/\/www.whistleblowing.software\/es\/politica-de-privacidad-y-cookies\/#breadcrumb"},"inLanguage":"es","potentialAction":[{"@type":"ReadAction","target":["https:\/\/www.whistleblowing.software\/es\/politica-de-privacidad-y-cookies\/"]}]},{"@type":"BreadcrumbList","@id":"https:\/\/www.whistleblowing.software\/es\/politica-de-privacidad-y-cookies\/#breadcrumb","itemListElement":[{"@type":"ListItem","position":1,"name":"Home","item":"https:\/\/www.whistleblowing.software\/es\/"},{"@type":"ListItem","position":2,"name":"Pol\u00edtica de privacidad y cookies"}]},{"@type":"WebSite","@id":"https:\/\/www.whistleblowing.software\/en\/#website","url":"https:\/\/www.whistleblowing.software\/en\/","name":"Software Whistleblowing - Denuncia de irregularidades","description":"Canal de Denuncias para empresas y entes p\u00fablicos","potentialAction":[{"@type":"SearchAction","target":{"@type":"EntryPoint","urlTemplate":"https:\/\/www.whistleblowing.software\/en\/?s={search_term_string}"},"query-input":{"@type":"PropertyValueSpecification","valueRequired":true,"valueName":"search_term_string"}}],"inLanguage":"es"}]}},"_links":{"self":[{"href":"https:\/\/www.whistleblowing.software\/es\/wp-json\/wp\/v2\/pages\/2046","targetHints":{"allow":["GET"]}}],"collection":[{"href":"https:\/\/www.whistleblowing.software\/es\/wp-json\/wp\/v2\/pages"}],"about":[{"href":"https:\/\/www.whistleblowing.software\/es\/wp-json\/wp\/v2\/types\/page"}],"author":[{"embeddable":true,"href":"https:\/\/www.whistleblowing.software\/es\/wp-json\/wp\/v2\/users\/5"}],"replies":[{"embeddable":true,"href":"https:\/\/www.whistleblowing.software\/es\/wp-json\/wp\/v2\/comments?post=2046"}],"version-history":[{"count":6,"href":"https:\/\/www.whistleblowing.software\/es\/wp-json\/wp\/v2\/pages\/2046\/revisions"}],"predecessor-version":[{"id":5235,"href":"https:\/\/www.whistleblowing.software\/es\/wp-json\/wp\/v2\/pages\/2046\/revisions\/5235"}],"wp:attachment":[{"href":"https:\/\/www.whistleblowing.software\/es\/wp-json\/wp\/v2\/media?parent=2046"}],"curies":[{"name":"wp","href":"https:\/\/api.w.org\/{rel}","templated":true}]}}