{"id":24962,"date":"2023-10-04T09:41:02","date_gmt":"2023-10-04T07:41:02","guid":{"rendered":"https:\/\/www.whistleblowing.software\/?page_id=24962"},"modified":"2023-10-10T11:00:41","modified_gmt":"2023-10-10T09:00:41","slug":"partnerprogramm","status":"publish","type":"page","link":"https:\/\/www.whistleblowing.software\/de\/partnerprogramm\/","title":{"rendered":"Partner"},"content":{"rendered":"<p><div class=\"fusion-fullwidth fullwidth-box fusion-builder-row-1 fusion-flex-container fusion-parallax-none nonhundred-percent-fullwidth non-hundred-percent-height-scrolling lazyload\" style=\"--awb-border-radius-top-left:0px;--awb-border-radius-top-right:0px;--awb-border-radius-bottom-right:0px;--awb-border-radius-bottom-left:0px;--awb-padding-top:2%;--awb-padding-bottom:2%;--awb-padding-right-small:24px;--awb-padding-left-small:24px;--awb-background-size:cover;--awb-flex-wrap:wrap;\" data-bg=\"https:\/\/www.whistleblowing.software\/wp-content\/uploads\/2023\/10\/become-partner-legality-whistleblowing.jpg\" ><div class=\"fusion-builder-row fusion-row fusion-flex-align-items-center fusion-flex-justify-content-flex-end fusion-flex-content-wrap\" style=\"max-width:1420.64px;margin-left: calc(-4% \/ 2 );margin-right: calc(-4% \/ 2 );\"><div class=\"fusion-layout-column fusion_builder_column fusion-builder-column-0 fusion_builder_column_1_2 1_2 fusion-flex-column fusion-flex-align-self-center\" style=\"--awb-padding-top:31px;--awb-padding-bottom:35px;--awb-bg-size:cover;--awb-width-large:50%;--awb-margin-top-large:0px;--awb-spacing-right-large:3.84%;--awb-margin-bottom-large:0px;--awb-spacing-left-large:3.84%;--awb-width-medium:100%;--awb-order-medium:0;--awb-spacing-right-medium:1.92%;--awb-spacing-left-medium:1.92%;--awb-width-small:100%;--awb-order-small:0;--awb-spacing-right-small:1.92%;--awb-spacing-left-small:1.92%;\"><div class=\"fusion-column-wrapper fusion-column-has-shadow fusion-flex-justify-content-center fusion-content-layout-column\"><div class=\"fusion-text fusion-text-1\"><h1 class=\"fusion-responsive-typography-calculated\" style=\"font-size: 25px; line-height: 1; --fontsize: 25; letter-spacing: 2px; color: var(--awb-color6); font-family: Roboto; font-weight: 400;\" data-fontsize=\"25\" data-lineheight=\"25px\" data-fusion-font=\"true\" data-fusion-google-font=\"Roboto\" data-fusion-google-variant=\"400\">PARTNERPROGRAMM<\/h1>\n<h2 class=\"fusion-responsive-typography-calculated\" style=\"font-size: 36px; line-height: 1.11; --fontsize: 36;\" data-fontsize=\"36\" data-lineheight=\"39.9667px\"><span style=\"font-family: Roboto; font-weight: 300; letter-spacing: 0px; line-height: 1.5; font-size: 40px;\" data-fusion-font=\"true\" data-fusion-google-font=\"Roboto\" data-fusion-google-variant=\"300\">Verbessern Sie Ihr Angebot: Bieten Sie Ihren Kunden mit <span style=\"color: var(--awb-color4); font-family: Roboto; font-weight: 400;\" data-fusion-font=\"true\" data-fusion-google-font=\"Roboto\" data-fusion-google-variant=\"400\">Legality Whistleblowing <\/span>das Beste im Bereich Hinweisgeber-Management<b><br \/>\n<\/b><\/span><\/h2>\n<\/div><div ><a class=\"fusion-button button-flat button-xlarge button-custom fusion-button-default button-1 fusion-button-default-span fusion-button-default-type\" style=\"--button_accent_color:var(--awb-custom17);--button_accent_hover_color:var(--awb-custom17);--button_border_hover_color:#ffb74f;--button_gradient_top_color:#f49b1b;--button_gradient_bottom_color:#f49b1b;--button_gradient_top_color_hover:#ffb74f;--button_gradient_bottom_color_hover:#ffb74f;\" target=\"_self\" title=\"Kontaktieren Sie uns\" aria-label=\"Kontaktieren Sie uns\" href=\"\/de\/partnerprogramm\/#kontakt\"><span class=\"fusion-button-text awb-button__text awb-button__text--default\">Kontaktieren Sie uns<\/span><\/a><\/div><\/div><\/div><div class=\"fusion-layout-column fusion_builder_column fusion-builder-column-1 fusion_builder_column_1_2 1_2 fusion-flex-column fusion-flex-align-self-stretch fusion-no-small-visibility fusion-no-medium-visibility\" style=\"--awb-bg-position:center top;--awb-bg-size:cover;--awb-width-large:50%;--awb-margin-top-large:0px;--awb-spacing-right-large:0%;--awb-margin-bottom-large:0px;--awb-spacing-left-large:0%;--awb-width-medium:100%;--awb-order-medium:0;--awb-spacing-right-medium:1.92%;--awb-spacing-left-medium:1.92%;--awb-width-small:100%;--awb-order-small:0;--awb-spacing-right-small:1.92%;--awb-spacing-left-small:1.92%;\"><div class=\"fusion-column-wrapper fusion-column-has-shadow fusion-flex-justify-content-flex-start fusion-content-layout-column\"><\/div><\/div><\/div><\/div><div class=\"fusion-fullwidth fullwidth-box fusion-builder-row-2 fusion-flex-container has-pattern-background has-mask-background nonhundred-percent-fullwidth non-hundred-percent-height-scrolling\" style=\"--awb-border-radius-top-left:0px;--awb-border-radius-top-right:0px;--awb-border-radius-bottom-right:0px;--awb-border-radius-bottom-left:0px;--awb-padding-top:2%;--awb-padding-bottom:2%;--awb-flex-wrap:wrap;\" ><div class=\"fusion-builder-row fusion-row fusion-flex-align-items-flex-start fusion-flex-justify-content-center fusion-flex-content-wrap\" style=\"max-width:1420.64px;margin-left: calc(-4% \/ 2 );margin-right: calc(-4% \/ 2 );\"><div class=\"fusion-layout-column fusion_builder_column fusion-builder-column-2 fusion_builder_column_1_2 1_2 fusion-flex-column fusion-flex-align-self-flex-start\" style=\"--awb-bg-size:cover;--awb-width-large:50%;--awb-margin-top-large:0px;--awb-spacing-right-large:3.84%;--awb-margin-bottom-large:0px;--awb-spacing-left-large:3.84%;--awb-width-medium:100%;--awb-order-medium:0;--awb-spacing-right-medium:1.92%;--awb-spacing-left-medium:1.92%;--awb-width-small:100%;--awb-order-small:0;--awb-spacing-right-small:1.92%;--awb-spacing-left-small:1.92%;\"><div class=\"fusion-column-wrapper fusion-column-has-shadow fusion-flex-justify-content-center fusion-content-layout-column\"><i class=\"fb-icon-element-1 fb-icon-element fontawesome-icon fa-handshake fas circle-no fusion-text-flow\" style=\"--awb-iconcolor:var(--awb-color4);--awb-iconcolor-hover:var(--awb-color4);--awb-font-size:32px;--awb-margin-bottom:5px;\"><\/i><div class=\"fusion-text fusion-text-2\"><h2 class=\"fusion-responsive-typography-calculated\" style=\"--fontsize: 24; line-height: 1.4; font-family: Roboto; font-weight: 500;\" data-fontsize=\"24\" data-lineheight=\"33.6px\" data-fusion-font=\"true\" data-fusion-google-font=\"Roboto\" data-fusion-google-variant=\"500\">Werden Sie Legality Whistleblowing Partner<\/h2>\n<p>Das <strong>Legality Whistleblowing Partnerprogramm<\/strong> bietet Ihnen die M\u00f6glichkeit, mit einem innovativen, sicheren und stets aktuellen Produkt neue Compliance-M\u00f6glichkeiten zu entdecken.<\/p>\n<p>Das wachsende Bewusstsein f\u00fcr Whistleblowing in Verbindung mit einer immer strengeren Gesetzgebung f\u00fcr Unternehmen und \u00f6ffentliche Verwaltungen macht den Bereich der Whistleblowing-Software und -Beratung zu einem strategisch wichtigen Bereich.<\/p>\n<\/div><div class=\"fusion-text fusion-text-3\" style=\"--awb-font-size:20px;--awb-line-height:1.5;--awb-text-color:var(--awb-custom_color_2);--awb-text-font-family:&quot;Roboto&quot;;--awb-text-font-style:normal;--awb-text-font-weight:300;\"><p style=\"color: rgb(9, 62, 169);\">Entscheiden Sie sich f\u00fcr ein <b>konformes und intuitives Whistleblowing-System<\/b>, das es allen Unternehmen, Beratern, Anwaltskanzleien, Aufsichtsbeh\u00f6rden und Compliance-Managern erm\u00f6glicht, die europ\u00e4ische Richtlinie <b>so schnell wie m\u00f6glich<\/b> zu erf\u00fcllen.<\/p>\n<\/div><div ><a class=\"fusion-button button-flat fusion-button-default-size button-default fusion-button-default button-2 fusion-button-default-span fusion-button-default-type\" target=\"_self\" href=\"\/de\/partnerprogramm\/#kontakt\"><span class=\"fusion-button-text awb-button__text awb-button__text--default\">SPRECHEN SIE MIT EINEM BERATER<\/span><\/a><\/div><\/div><\/div><div class=\"fusion-layout-column fusion_builder_column fusion-builder-column-3 fusion_builder_column_1_2 1_2 fusion-flex-column fusion-flex-align-self-center\" style=\"--awb-bg-size:cover;--awb-width-large:50%;--awb-margin-top-large:0px;--awb-spacing-right-large:3.84%;--awb-margin-bottom-large:0px;--awb-spacing-left-large:3.84%;--awb-width-medium:100%;--awb-order-medium:0;--awb-spacing-right-medium:1.92%;--awb-spacing-left-medium:1.92%;--awb-width-small:100%;--awb-order-small:0;--awb-spacing-right-small:1.92%;--awb-spacing-left-small:1.92%;\"><div class=\"fusion-column-wrapper fusion-column-has-shadow fusion-flex-justify-content-center fusion-content-layout-column\"><div class=\"fusion-image-element \" style=\"--awb-caption-title-font-family:var(--h2_typography-font-family);--awb-caption-title-font-weight:var(--h2_typography-font-weight);--awb-caption-title-font-style:var(--h2_typography-font-style);--awb-caption-title-size:var(--h2_typography-font-size);--awb-caption-title-transform:var(--h2_typography-text-transform);--awb-caption-title-line-height:var(--h2_typography-line-height);--awb-caption-title-letter-spacing:var(--h2_typography-letter-spacing);\"><span class=\" fusion-imageframe imageframe-none imageframe-1 hover-type-none\"><img decoding=\"async\" width=\"600\" height=\"300\" title=\"whistleblowing-software\" src=\"https:\/\/www.whistleblowing.software\/wp-content\/uploads\/2023\/10\/whistleblowing-software-1.png\" data-orig-src=\"https:\/\/www.whistleblowing.software\/wp-content\/uploads\/2023\/10\/whistleblowing-software-1.png\" alt class=\"lazyload img-responsive wp-image-24953\" srcset=\"data:image\/svg+xml,%3Csvg%20xmlns%3D%27http%3A%2F%2Fwww.w3.org%2F2000%2Fsvg%27%20width%3D%27600%27%20height%3D%27300%27%20viewBox%3D%270%200%20600%20300%27%3E%3Crect%20width%3D%27600%27%20height%3D%27300%27%20fill-opacity%3D%220%22%2F%3E%3C%2Fsvg%3E\" data-srcset=\"https:\/\/www.whistleblowing.software\/wp-content\/uploads\/2023\/10\/whistleblowing-software-1-200x100.png 200w, https:\/\/www.whistleblowing.software\/wp-content\/uploads\/2023\/10\/whistleblowing-software-1-400x200.png 400w, https:\/\/www.whistleblowing.software\/wp-content\/uploads\/2023\/10\/whistleblowing-software-1.png 600w\" data-sizes=\"auto\" data-orig-sizes=\"(max-width: 1024px) 100vw, (max-width: 640px) 100vw, 600px\" \/><\/span><\/div><\/div><\/div><\/div><\/div><div id=\"kontakt\" class=\"fusion-container-anchor\"><div class=\"fusion-fullwidth fullwidth-box fusion-builder-row-3 fusion-flex-container has-pattern-background has-mask-background nonhundred-percent-fullwidth non-hundred-percent-height-scrolling\" style=\"--awb-border-radius-top-left:0px;--awb-border-radius-top-right:0px;--awb-border-radius-bottom-right:0px;--awb-border-radius-bottom-left:0px;--awb-padding-top:2%;--awb-padding-bottom:2%;--awb-background-color:var(--awb-color2);--awb-flex-wrap:wrap;\" ><div class=\"fusion-builder-row fusion-row fusion-flex-align-items-flex-start fusion-flex-justify-content-space-evenly fusion-flex-content-wrap\" style=\"max-width:1420.64px;margin-left: calc(-4% \/ 2 );margin-right: calc(-4% \/ 2 );\"><div class=\"fusion-layout-column fusion_builder_column fusion-builder-column-4 fusion_builder_column_1_1 1_1 fusion-flex-column\" style=\"--awb-padding-bottom:40px;--awb-bg-size:cover;--awb-width-large:100%;--awb-margin-top-large:0px;--awb-spacing-right-large:1.92%;--awb-margin-bottom-large:0px;--awb-spacing-left-large:1.92%;--awb-width-medium:100%;--awb-order-medium:0;--awb-spacing-right-medium:1.92%;--awb-spacing-left-medium:1.92%;--awb-width-small:100%;--awb-order-small:0;--awb-spacing-right-small:1.92%;--awb-spacing-left-small:1.92%;\"><div class=\"fusion-column-wrapper fusion-column-has-shadow fusion-flex-justify-content-flex-start fusion-content-layout-column\"><div class=\"fusion-text fusion-text-4\" style=\"--awb-content-alignment:center;\"><h2 style=\"font-size: 28px; font-family: Roboto; font-weight: 500;\" data-fusion-font=\"true\" data-fusion-google-font=\"Roboto\" data-fusion-google-variant=\"500\">F\u00fcllen Sie das Formular aus, um mehr \u00fcber die M\u00f6glichkeiten einer Zusammenarbeit zu erfahren<\/h2>\n<\/div><\/div><\/div><div class=\"fusion-layout-column fusion_builder_column fusion-builder-column-5 fusion_builder_column_4_5 4_5 fusion-flex-column\" style=\"--awb-padding-top:20px;--awb-padding-right:20px;--awb-padding-bottom:20px;--awb-padding-left:20px;--awb-overflow:hidden;--awb-bg-color:var(--awb-color1);--awb-bg-color-hover:var(--awb-color1);--awb-bg-size:cover;--awb-border-radius:8px 8px 8px 8px;--awb-width-large:80%;--awb-margin-top-large:0px;--awb-spacing-right-large:2.4%;--awb-margin-bottom-large:0px;--awb-spacing-left-large:2.4%;--awb-width-medium:100%;--awb-order-medium:0;--awb-spacing-right-medium:1.92%;--awb-spacing-left-medium:1.92%;--awb-width-small:100%;--awb-order-small:0;--awb-spacing-right-small:1.92%;--awb-spacing-left-small:1.92%;\"><div class=\"fusion-column-wrapper fusion-column-has-shadow fusion-flex-justify-content-flex-start fusion-content-layout-column\">\n<div class=\"wpcf7 no-js\" id=\"wpcf7-f24959-o1\" lang=\"it-IT\" dir=\"ltr\" data-wpcf7-id=\"24959\">\n<div class=\"screen-reader-response\"><p role=\"status\" aria-live=\"polite\" aria-atomic=\"true\"><\/p> <ul><\/ul><\/div>\n<form action=\"\/de\/wp-json\/wp\/v2\/pages\/24962#wpcf7-f24959-o1\" method=\"post\" class=\"wpcf7-form init\" aria-label=\"Modulo di contatto\" novalidate=\"novalidate\" data-status=\"init\">\n<fieldset class=\"hidden-fields-container\"><input type=\"hidden\" name=\"_wpcf7\" value=\"24959\" \/><input type=\"hidden\" name=\"_wpcf7_version\" value=\"6.1.5\" \/><input type=\"hidden\" name=\"_wpcf7_locale\" value=\"it_IT\" \/><input type=\"hidden\" name=\"_wpcf7_unit_tag\" value=\"wpcf7-f24959-o1\" \/><input type=\"hidden\" name=\"_wpcf7_container_post\" value=\"0\" \/><input type=\"hidden\" name=\"_wpcf7_posted_data_hash\" value=\"\" \/>\n<\/fieldset>\n<div class=\"clearfix\">\n\t<div id=\"left\">\n\t\t<p><label> Ihr Name*<br \/>\n<span class=\"wpcf7-form-control-wrap\" data-name=\"Name\"><input size=\"40\" maxlength=\"400\" class=\"wpcf7-form-control wpcf7-text wpcf7-validates-as-required\" aria-required=\"true\" aria-invalid=\"false\" value=\"\" type=\"text\" name=\"Name\" \/><\/span> <\/label>\n\t\t<\/p>\n\t\t<p><label> Institut\/Firma*<br \/>\n<span class=\"wpcf7-form-control-wrap\" data-name=\"firma\"><input size=\"40\" maxlength=\"400\" class=\"wpcf7-form-control wpcf7-text wpcf7-validates-as-required\" aria-required=\"true\" aria-invalid=\"false\" value=\"\" type=\"text\" name=\"firma\" \/><\/span> <\/label>\n\t\t<\/p>\n\t\t<p><label> Ihre E-Mail-Adresse*<br \/>\n<span class=\"wpcf7-form-control-wrap\" data-name=\"your-email\"><input size=\"40\" maxlength=\"400\" class=\"wpcf7-form-control wpcf7-email wpcf7-validates-as-required wpcf7-text wpcf7-validates-as-email\" aria-required=\"true\" aria-invalid=\"false\" value=\"\" type=\"email\" name=\"your-email\" \/><\/span> <\/label>\n\t\t<\/p>\n\t<\/div>\n\t<div id=\"right\">\n\t\t<p><label> Ihr Familienname*<br \/>\n<span class=\"wpcf7-form-control-wrap\" data-name=\"familienname\"><input size=\"40\" maxlength=\"400\" class=\"wpcf7-form-control wpcf7-text wpcf7-validates-as-required\" aria-required=\"true\" aria-invalid=\"false\" value=\"\" type=\"text\" name=\"familienname\" \/><\/span> <\/label>\n\t\t<\/p>\n\t\t<p><label> Branche*<br \/>\n<span class=\"wpcf7-form-control-wrap\" data-name=\"branche\"><input size=\"40\" maxlength=\"400\" class=\"wpcf7-form-control wpcf7-text wpcf7-validates-as-required\" aria-required=\"true\" aria-invalid=\"false\" value=\"\" type=\"text\" name=\"branche\" \/><\/span> <\/label>\n\t\t<\/p>\n\t\t<p><label>Telefonnummer*<br \/>\n<span class=\"wpcf7-form-control-wrap intl_tel-832\"><input class=\"wpcf7-form-control wpcf7-intl_tel wpcf7-validates-as-required wpcf7-intl-tel wpcf7-form wpcf7-text\" aria-required=\"true\" aria-invalid=\"false\" data-initialcountry=\"de\" value=\"\" type=\"tel\" name=\"intl_tel-832-cf7it-national\" \/><input name=\"intl_tel-832\" type=\"hidden\" class=\"wpcf7-intl-tel-full\" \/><input type=\"hidden\" name=\"intl_tel-832-cf7it-country-name\" class=\"wpcf7-intl-tel-country-name\" \/><input type=\"hidden\" name=\"intl_tel-832-cf7it-country-code\" class=\"wpcf7-intl-tel-country-code\" \/><input type=\"hidden\" name=\"intl_tel-832-cf7it-country-iso2\" class=\"wpcf7-intl-tel-country-iso2\" \/><\/span><\/label>\n\t\t<\/p>\n\t<\/div>\n<\/div>\n<p><label> Nachricht*<br \/>\n<span class=\"wpcf7-form-control-wrap\" data-name=\"your-message\"><textarea cols=\"40\" rows=\"10\" maxlength=\"2000\" class=\"wpcf7-form-control wpcf7-textarea wpcf7-validates-as-required\" aria-required=\"true\" aria-invalid=\"false\" name=\"your-message\"><\/textarea><\/span> <\/label>\n<\/p>\n<p><label><span class=\"wpcf7-form-control-wrap\" data-name=\"InformativaPrivacy\"><span class=\"wpcf7-form-control wpcf7-acceptance\"><span class=\"wpcf7-list-item\"><input type=\"checkbox\" name=\"InformativaPrivacy\" value=\"1\" aria-invalid=\"false\" \/><\/span><\/span><\/span> Ich habe die <a href=\"\/de\/informationen-zu-datenschutz-und-cookies\/\" target=\"_blank\">Datenschutzerkl\u00e4rung<\/a> gelesen und erkl\u00e4re mich mit der Verarbeitung meiner personenbezogenen Daten f\u00fcr die in der auf der Website ver\u00f6ffentlichten Mitteilung genannten Zwecke einverstanden.<\/label>\n<\/p>\n<p style=\"padding: 20px; background-color: #ebf7ff; border-radius: 6px; line-height:1.5; margin-bottom: 20px; \"><span style=\"color: #284d97; font-weight: 600\">ACHTUNG<\/span> Kunden werden darauf hingewiesen, dass Support-Anfragen, die \u00fcber dieses Formular eingereicht werden, nicht von unserer Support-Abteilung bearbeitet werden.<br \/>\nBitte verwenden Sie daS <a href=\"https:\/\/helpdesk.digitalpa.net\/?lang=en_US\" target=\"_blank\" style=\"color: #284d97\"><strong>DigitalPA Helpdesk-Portal<\/strong><\/a> f\u00fcr alle technischen Supportanfragen, damit wir den Zeitplan f\u00fcr eingehende Anfragen einhalten k\u00f6nnen. Vielen Dank f\u00fcr Ihre Unterst\u00fctzung.\n<\/p>\n<div class=\"g-recaptcha\" data-sitekey=\"6LfPp64pAAAAADQZej9uhFuXgYqxXib1lAvjEyyh\" data-action=\"login\">\n<\/div>\n<p><span id=\"wpcf7-69e146ca72ab4-wrapper\" class=\"wpcf7-form-control-wrap website-wrap\" ><label for=\"wpcf7-69e146ca72ab4-field\" class=\"hp-message\">Si prega di lasciare vuoto questo campo.<\/label><input id=\"wpcf7-69e146ca72ab4-field\"  class=\"wpcf7-form-control wpcf7-text\" type=\"text\" name=\"website\" value=\"\" size=\"40\" tabindex=\"-1\" autocomplete=\"new-password\" \/><\/span><br \/>\n<input class=\"wpcf7-form-control wpcf7-hidden\" value=\"https:\/\/www.whistleblowing.software\/de\/vielen-dank-fuer-ihre-kontaktaufnahme\/\" type=\"hidden\" name=\"redirect\" \/><br \/>\n<input class=\"wpcf7-form-control wpcf7-submit has-spinner\" type=\"submit\" value=\"Senden\" \/>\n<\/p><div class=\"fusion-alert alert custom alert-custom fusion-alert-center wpcf7-response-output fusion-alert-capitalize awb-alert-native-link-color alert-dismissable awb-alert-close-boxed\" style=\"--awb-border-size:1px;--awb-border-top-left-radius:0px;--awb-border-top-right-radius:0px;--awb-border-bottom-left-radius:0px;--awb-border-bottom-right-radius:0px;\" role=\"alert\"><div class=\"fusion-alert-content-wrapper\"><span class=\"fusion-alert-content\"><\/span><\/div><button type=\"button\" class=\"close toggle-alert\" data-dismiss=\"alert\" aria-label=\"Close\">&times;<\/button><\/div>\n<\/form>\n<\/div>\n<\/div><\/div><\/div><\/div><\/div><\/p>\n","protected":false},"excerpt":{"rendered":"","protected":false},"author":13,"featured_media":0,"parent":0,"menu_order":0,"comment_status":"closed","ping_status":"closed","template":"100-width.php","meta":{"footnotes":""},"class_list":["post-24962","page","type-page","status-publish","hentry"],"yoast_head":"<!-- This site is optimized with the Yoast SEO Premium plugin v27.1 (Yoast SEO v27.2) - https:\/\/yoast.com\/product\/yoast-seo-premium-wordpress\/ -->\n<title>Partner werden I Whistleblowing-L\u00f6sung f\u00fcr Berater<\/title>\n<meta name=\"description\" content=\"Verbessern Sie Ihr Angebot: Bieten Sie Ihren Kunden mit Legality Whistleblowing das Beste im Bereich Hinweisgeber-Management\" \/>\n<meta name=\"robots\" content=\"index, follow, max-snippet:-1, max-image-preview:large, max-video-preview:-1\" \/>\n<link rel=\"canonical\" href=\"https:\/\/www.whistleblowing.software\/de\/partnerprogramm\/\" \/>\n<meta property=\"og:locale\" content=\"de_DE\" \/>\n<meta property=\"og:type\" content=\"article\" \/>\n<meta property=\"og:title\" content=\"Partner\" \/>\n<meta property=\"og:description\" content=\"Verbessern Sie Ihr Angebot: Bieten Sie Ihren Kunden mit Legality Whistleblowing das Beste im Bereich Hinweisgeber-Management\" \/>\n<meta property=\"og:url\" content=\"https:\/\/www.whistleblowing.software\/de\/partnerprogramm\/\" \/>\n<meta property=\"og:site_name\" content=\"Software Whistleblowing for Private Companies and Public Bodies\" \/>\n<meta property=\"article:modified_time\" content=\"2023-10-10T09:00:41+00:00\" \/>\n<meta name=\"twitter:card\" content=\"summary_large_image\" \/>\n<meta name=\"twitter:label1\" content=\"Gesch\u00e4tzte Lesezeit\" \/>\n\t<meta name=\"twitter:data1\" content=\"4\u00a0Minuten\" \/>\n<script type=\"application\/ld+json\" class=\"yoast-schema-graph\">{\"@context\":\"https:\/\/schema.org\",\"@graph\":[{\"@type\":\"WebPage\",\"@id\":\"https:\/\/www.whistleblowing.software\/de\/partnerprogramm\/\",\"url\":\"https:\/\/www.whistleblowing.software\/de\/partnerprogramm\/\",\"name\":\"Partner werden I Whistleblowing-L\u00f6sung f\u00fcr Berater\",\"isPartOf\":{\"@id\":\"https:\/\/www.whistleblowing.software\/en\/#website\"},\"datePublished\":\"2023-10-04T07:41:02+00:00\",\"dateModified\":\"2023-10-10T09:00:41+00:00\",\"description\":\"Verbessern Sie Ihr Angebot: Bieten Sie Ihren Kunden mit Legality Whistleblowing das Beste im Bereich Hinweisgeber-Management\",\"breadcrumb\":{\"@id\":\"https:\/\/www.whistleblowing.software\/de\/partnerprogramm\/#breadcrumb\"},\"inLanguage\":\"de\",\"potentialAction\":[{\"@type\":\"ReadAction\",\"target\":[\"https:\/\/www.whistleblowing.software\/de\/partnerprogramm\/\"]}]},{\"@type\":\"BreadcrumbList\",\"@id\":\"https:\/\/www.whistleblowing.software\/de\/partnerprogramm\/#breadcrumb\",\"itemListElement\":[{\"@type\":\"ListItem\",\"position\":1,\"name\":\"Home\",\"item\":\"https:\/\/www.whistleblowing.software\/de\/\"},{\"@type\":\"ListItem\",\"position\":2,\"name\":\"Partner\"}]},{\"@type\":\"WebSite\",\"@id\":\"https:\/\/www.whistleblowing.software\/en\/#website\",\"url\":\"https:\/\/www.whistleblowing.software\/en\/\",\"name\":\"Software Whistleblowing for Private Companies and Public Bodies\",\"description\":\"Whistleblowing.software  is the reference software for Whistleblowing\",\"potentialAction\":[{\"@type\":\"SearchAction\",\"target\":{\"@type\":\"EntryPoint\",\"urlTemplate\":\"https:\/\/www.whistleblowing.software\/en\/?s={search_term_string}\"},\"query-input\":{\"@type\":\"PropertyValueSpecification\",\"valueRequired\":true,\"valueName\":\"search_term_string\"}}],\"inLanguage\":\"de\"}]}<\/script>\n<!-- \/ Yoast SEO Premium plugin. -->","yoast_head_json":{"title":"Partner werden I Whistleblowing-L\u00f6sung f\u00fcr Berater","description":"Verbessern Sie Ihr Angebot: Bieten Sie Ihren Kunden mit Legality Whistleblowing das Beste im Bereich Hinweisgeber-Management","robots":{"index":"index","follow":"follow","max-snippet":"max-snippet:-1","max-image-preview":"max-image-preview:large","max-video-preview":"max-video-preview:-1"},"canonical":"https:\/\/www.whistleblowing.software\/de\/partnerprogramm\/","og_locale":"de_DE","og_type":"article","og_title":"Partner","og_description":"Verbessern Sie Ihr Angebot: Bieten Sie Ihren Kunden mit Legality Whistleblowing das Beste im Bereich Hinweisgeber-Management","og_url":"https:\/\/www.whistleblowing.software\/de\/partnerprogramm\/","og_site_name":"Software Whistleblowing for Private Companies and Public Bodies","article_modified_time":"2023-10-10T09:00:41+00:00","twitter_card":"summary_large_image","twitter_misc":{"Gesch\u00e4tzte Lesezeit":"4\u00a0Minuten"},"schema":{"@context":"https:\/\/schema.org","@graph":[{"@type":"WebPage","@id":"https:\/\/www.whistleblowing.software\/de\/partnerprogramm\/","url":"https:\/\/www.whistleblowing.software\/de\/partnerprogramm\/","name":"Partner werden I Whistleblowing-L\u00f6sung f\u00fcr Berater","isPartOf":{"@id":"https:\/\/www.whistleblowing.software\/en\/#website"},"datePublished":"2023-10-04T07:41:02+00:00","dateModified":"2023-10-10T09:00:41+00:00","description":"Verbessern Sie Ihr Angebot: Bieten Sie Ihren Kunden mit Legality Whistleblowing das Beste im Bereich Hinweisgeber-Management","breadcrumb":{"@id":"https:\/\/www.whistleblowing.software\/de\/partnerprogramm\/#breadcrumb"},"inLanguage":"de","potentialAction":[{"@type":"ReadAction","target":["https:\/\/www.whistleblowing.software\/de\/partnerprogramm\/"]}]},{"@type":"BreadcrumbList","@id":"https:\/\/www.whistleblowing.software\/de\/partnerprogramm\/#breadcrumb","itemListElement":[{"@type":"ListItem","position":1,"name":"Home","item":"https:\/\/www.whistleblowing.software\/de\/"},{"@type":"ListItem","position":2,"name":"Partner"}]},{"@type":"WebSite","@id":"https:\/\/www.whistleblowing.software\/en\/#website","url":"https:\/\/www.whistleblowing.software\/en\/","name":"Software Whistleblowing for Private Companies and Public Bodies","description":"Whistleblowing.software  is the reference software for Whistleblowing","potentialAction":[{"@type":"SearchAction","target":{"@type":"EntryPoint","urlTemplate":"https:\/\/www.whistleblowing.software\/en\/?s={search_term_string}"},"query-input":{"@type":"PropertyValueSpecification","valueRequired":true,"valueName":"search_term_string"}}],"inLanguage":"de"}]}},"_links":{"self":[{"href":"https:\/\/www.whistleblowing.software\/de\/wp-json\/wp\/v2\/pages\/24962","targetHints":{"allow":["GET"]}}],"collection":[{"href":"https:\/\/www.whistleblowing.software\/de\/wp-json\/wp\/v2\/pages"}],"about":[{"href":"https:\/\/www.whistleblowing.software\/de\/wp-json\/wp\/v2\/types\/page"}],"author":[{"embeddable":true,"href":"https:\/\/www.whistleblowing.software\/de\/wp-json\/wp\/v2\/users\/13"}],"replies":[{"embeddable":true,"href":"https:\/\/www.whistleblowing.software\/de\/wp-json\/wp\/v2\/comments?post=24962"}],"version-history":[{"count":12,"href":"https:\/\/www.whistleblowing.software\/de\/wp-json\/wp\/v2\/pages\/24962\/revisions"}],"predecessor-version":[{"id":25088,"href":"https:\/\/www.whistleblowing.software\/de\/wp-json\/wp\/v2\/pages\/24962\/revisions\/25088"}],"wp:attachment":[{"href":"https:\/\/www.whistleblowing.software\/de\/wp-json\/wp\/v2\/media?parent=24962"}],"curies":[{"name":"wp","href":"https:\/\/api.w.org\/{rel}","templated":true}]}}