{"id":1837,"date":"2020-11-19T16:48:22","date_gmt":"2020-11-19T15:48:22","guid":{"rendered":"https:\/\/www.whistleblowing.software\/?page_id=1837"},"modified":"2023-01-09T14:47:57","modified_gmt":"2023-01-09T13:47:57","slug":"informationen-zu-datenschutz-und-cookies","status":"publish","type":"page","link":"https:\/\/www.whistleblowing.software\/de\/informationen-zu-datenschutz-und-cookies\/","title":{"rendered":"Informationen zu datenschutz und cookies"},"content":{"rendered":"<h1><\/h1>\n<h1>Datenschutz und Cookie-Richtlinie<\/h1>\n<hr \/>\n<p>&nbsp;<\/p>\n<p>Dieser Abschnitt des Portals soll auf die Richtlinien von DigitalPA Srl hinweisen (gem\u00e4\u00df DSGVO &#8211; Allgemeine Datenschutzverordnung &#8211; 2016\/679) \u00fcber die Verarbeitung personenbezogener Daten, die w\u00e4hrend der Navigation im Portal erhoben werden.<\/p>\n<p>Die Informationsschreiben werden nur f\u00fcr das von DigitalPA Srl verwaltete Portal bereitgestellt und nicht f\u00fcr andere Webseiten, die der Benutzer \u00fcber Links aufrufen kann.<br \/>\nDie Informationsschreiben basieren auch auf der Empfehlung n. 2\/2001, die die europ\u00e4ischen Beh\u00f6rden f\u00fcr den Schutz personenbezogener Daten, in der auf Art. 29 der Richtlinie n. 95\/46 \/ EG gegr\u00fcndeten Gruppe aufgesetzt und am 17. Mai 2001 verabschiedet haben. Hier sollten einige Mindestanforderungen f\u00fcr die Online-Erfassung personenbezogener Daten festgelegt werden, insbesondere die Methoden, der Zeitpunkt und die Art der Informationen, die die Verantwortlichen f\u00fcr die Verarbeitung den Benutzern, die diese Webseite aufrufen bereitstellen m\u00fcssen, unabh\u00e4ngig vom Zweck der Verbindung.<\/p>\n<p>&nbsp;<\/p>\n<p><strong>INHABER DER BEHANDLUNG<\/strong><br \/>\nDer Verantwortliche f\u00fcr die Datenverarbeitung ist DigitalPA Srl mit Sitz in Cagliari, Via San Tommaso d&#8217;Aquino 18A. Der Verantwortliche f\u00fcr die Datenverarbeitung, an den man sich wenden kann, um die Rechte gem\u00e4\u00df Art. 13 und \/ oder Informationen zum Schutz personenbezogener Daten auszu\u00fcben, kann unter: privacy@digitalpa.it kontaktiert werden.<\/p>\n<p>&nbsp;<\/p>\n<p><strong>ORT DER DATENVERARBEITUNG<\/strong><br \/>\nDie mit den Webservices dieses Portals verbundenen Verarbeitungsvorg\u00e4nge finden am Hauptsitz von DigitalPA Srl statt und werden nur vom technischen Personal des mit der Verarbeitung beauftragten Unternehmens oder von Personen ausgef\u00fchrt, die f\u00fcr gelegentliche Wartungsvorg\u00e4nge oder externe Beauftragte zust\u00e4ndig sind.<br \/>\nEs werden keine Daten aus dem Webservice \u00fcbermittelt oder verbreitet.<br \/>\nDie von Nutzern zur Verf\u00fcgung gestellten personenbezogenen Daten, die den Versand von Informationsmaterial (Anfragen, Nachrichten, Ank\u00fcndigungen usw.) oder Dienstleistungen im Allgemeinen anfordern, werden ausschlie\u00dflich zum Zwecke der Erbringung des institutionellen Dienstes oder der angeforderten Kommunikation verwendet und im Internet nur an Dritte weitergegeben, wenn dies zu diesem Zweck notwendig ist.<\/p>\n<p><strong>ARTEN DER BEHANDELTEN DATEN<\/strong><br \/>\n<em>Navigationsdaten<\/em><br \/>\nDie f\u00fcr das Betreiben dieses Portals verwendeten Computersysteme und Softwareverfahren erfassen w\u00e4hrend des normalen Laufs einige personenbezogene Daten, deren \u00dcbertragung bei der Verwendung von Internetkommunikationsprotokollen impliziert ist.<br \/>\nDiese Informationen werden nicht gesammelt, um mit identifizierten interessierten Parteien in Verbindung gebracht zu werden. Sie k\u00f6nnen jedoch aufgrund ihrer Beschaffenheit durch Verarbeitung und Verkn\u00fcpfung mit Daten, die von Dritten gespeichert werden, die Identifizierung von Benutzern erm\u00f6glichen.<br \/>\nDiese Kategorie von Daten umfasst IP-Adressen oder Dom\u00e4nennamen von Computern, die von Benutzern verwendet werden, die das Portal aufrufen, unter anderem die Adressen der angeforderten Ressourcen, den Zeitpunkt der Anforderung, die Methode der Anfrage an den Server und die Gr\u00f6\u00dfe der Antwort-Datei, den numerischen Code, der den Status der an den Server gesendeten Antwort (erfolgreich, Fehler usw.) und andere Parameter in Bezug auf das Betriebssystem und die Computerumgebung des Benutzers angibt.<\/p>\n<p><em>Vom Benutzer freiwillig zur Verf\u00fcgung gestellte Daten<\/em><br \/>\nDas optionale, explizite und freiwillige Versenden von E-Mails an die auf diesem Portal angegebenen Adressen beinhaltet die darauffolgende Erfassung der Absenderadresse, die f\u00fcr die Beantwortung von Anfragen erforderlich ist, sowie anderer in der Nachricht enthaltener personenbezogener Daten.<br \/>\nBitte beachten Sie, dass die in die Formulare auf diesem Portal eingegebenen pers\u00f6nlichen und \/ oder gesch\u00e4ftlichen Daten von DigitalPA Srl gesch\u00fctzt werden und zur Beantwortung von Benutzerfragen, zur Bereitstellung der angeforderten Informationen oder zur Kontaktaufnahme mit dem Benutzer verwendet werden.<br \/>\nSpezifische Informationsschreiben werden schrittweise angegeben oder auf den Portalseiten angezeigt, die f\u00fcr bestimmte angefragte Dienste eingerichtet wurden.<\/p>\n<p><strong>COOKIES<\/strong><br \/>\nDas Portal erfasst implizit keine pers\u00f6nlichen Benutzerdaten.<br \/>\nWir verwenden keine Cookies, um Informationen pers\u00f6nlicher Art zu \u00fcbermitteln, und es werden keine dauerhaften Cookies verwendet, um Benutzer zu verfolgen.<br \/>\nEs werden nur technische Cookies verwendet, mit denen keine Profile erstellt und keine existierenden Personen identifiziert werden k\u00f6nnen. Das einzige dauerhafte Cookie, das verwendet wird, erm\u00f6glicht dem Benutzer, die Navigation des Portals anzupassen, damit er diese Auswahl nicht bei jedem Zugriff auf das Portal treffen muss.<br \/>\nDie Verwendung von Sitzungscookies (die nicht dauerhaft auf dem Computer des Benutzers gespeichert werden und beim Schlie\u00dfen des Browsers verschwinden) beschr\u00e4nkt sich streng auf die \u00dcbermittlung von Sitzungsidentifikation (bestehend aus Zufallszahlen, die vom Server generiert werden), die erforderlich sind, um eine sichere und effiziente Erkundung des Portals zu erm\u00f6glichen.<\/p>\n<p><em>Google reCAPTCHA<\/em><br \/>\nDie Website verwendet den Dienst &#8222;Google reCAPTCHA&#8220;, der das Versenden von Kommentaren oder Spam-Nachrichten durch Nutzer oder Spambots verhindern oder erschweren soll.<br \/>\nDie Verwendung dieser Technologie beinhaltet die Installation von Cookies (nicht profilierende Cookies, sog._GRECAPTCHA) des Drittanbieters, Google Inc. Die Website gibt jedoch keine Browsing-Informationen oder Nutzerdaten weiter. Sie k\u00f6nnen auch die an die Nutzer gerichteten Datenschutzbestimmungen einsehen, indem Sie <a href=\"https:\/\/policies.google.com\/privacy?hl=de\" target=\"_blank\" rel=\"noopener\">hier<\/a> klicken. (Cookie-Dauer 90 Tage)<\/p>\n<p><strong>OPTIONALE DATENBEREITSTELLUNG<\/strong><br \/>\nAbgesehen davon, was f\u00fcr die Navigationsdaten angegeben wurde oder davon, was im Zusammenhang mit bestimmten Behandlungen im Rahmen der verschiedenen auf dem Portal angebotenen Dienste genauer angegeben wird, kann der Benutzer frei entscheiden, die in den Antragsformularen enthaltenen personenbezogenen Daten anzugeben.<br \/>\nWenn diese Daten nicht angegeben werden, ist es eventuell nicht m\u00f6glich, die angeforderten Daten abzurufen.<\/p>\n<p><strong>DATENVERARBEITUNGSMETHODE<\/strong><br \/>\nPersonenbezogene Daten werden von automatisierten Tools so lange verarbeitet, wie es f\u00fcr den Zweck, f\u00fcr den sie erhoben wurden, unbedingt erforderlich ist.<br \/>\nEs werden spezielle Sicherheitsma\u00dfnahmen beachtet, um den Verlust von Daten, die unerlaubte oder falsche Verwendung und den unbefugten Zugriff zu verhindern.<\/p>\n<p><strong>RECHTE VON BETEILIGTEN.<\/strong><br \/>\nDie Personen, auf die sich die personenbezogenen Daten beziehen, haben jederzeit das Recht:<br \/>\n1. auf pers\u00f6nliche Daten zuzugreifen;<br \/>\n2. diese Daten zu berichtigen oder aufzuheben oder die Einschr\u00e4nkung der sie betreffenden Behandlung zu erwirken;<br \/>\n3. sich der Verarbeitung zu widersetzen;<br \/>\n4. zur Daten\u00fcbertragbarkeit;<br \/>\n5. zum Widerruf der Einwilligung, sofern vorgesehen: Der Widerruf der Einwilligung beeintr\u00e4chtigt nicht die Rechtm\u00e4\u00dfigkeit der Behandlung aufgrund der vor dem Widerruf erteilten Einwilligung;<br \/>\n6. eine Beschwerde bei der Aufsichtsbeh\u00f6rde (Privacy Guarantee) einzureichen.<\/p>\n<p>Anfragen sind zu richten an: DigitalPA Srl &#8211; Via S. Tommaso d&#8217;Aquino 18 \/ A, 09134 Cagliari (CA).<\/p>\n<p>Der &#8222;Datenschutzbeauftragte&#8220;, kann unter: privacy@digitalpa.it kontaktiert werden, um die Rechte gem\u00e4\u00df Art. 13 der DSGVO und \/ oder Informationen zum Schutz personenbezogener Daten auszu\u00fcben.<\/p>\n","protected":false},"excerpt":{"rendered":"<p>Datenschutz und Cookie-Richtlinie &nbsp; Dieser Abschnitt des Portals soll auf die Richtlinien von DigitalPA Srl hinweisen (gem\u00e4\u00df DSGVO &#8211; Allgemeine Datenschutzverordnung &#8211; 2016\/679) \u00fcber die Verarbeitung personenbezogener Daten, die w\u00e4hrend der Navigation im Portal erhoben werden. Die Informationsschreiben werden nur f\u00fcr das von DigitalPA Srl verwaltete Portal bereitgestellt und nicht f\u00fcr andere Webseiten, die der  [&#8230;]<\/p>\n","protected":false},"author":5,"featured_media":0,"parent":0,"menu_order":0,"comment_status":"closed","ping_status":"closed","template":"","meta":{"footnotes":""},"class_list":["post-1837","page","type-page","status-publish","hentry"],"yoast_head":"<!-- This site is optimized with the Yoast SEO Premium plugin v27.1 (Yoast SEO v27.2) - https:\/\/yoast.com\/product\/yoast-seo-premium-wordpress\/ -->\n<title>Informationen zu datenschutz und cookies<\/title>\n<meta name=\"robots\" content=\"index, follow, max-snippet:-1, max-image-preview:large, max-video-preview:-1\" \/>\n<link rel=\"canonical\" href=\"https:\/\/www.whistleblowing.software\/de\/informationen-zu-datenschutz-und-cookies\/\" \/>\n<meta property=\"og:locale\" content=\"de_DE\" \/>\n<meta property=\"og:type\" content=\"article\" \/>\n<meta property=\"og:title\" content=\"Informationen zu datenschutz und cookies\" \/>\n<meta property=\"og:description\" content=\"Datenschutz und Cookie-Richtlinie &nbsp; Dieser Abschnitt des Portals soll auf die Richtlinien von DigitalPA Srl hinweisen (gem\u00e4\u00df DSGVO &#8211; Allgemeine Datenschutzverordnung &#8211; 2016\/679) \u00fcber die Verarbeitung personenbezogener Daten, die w\u00e4hrend der Navigation im Portal erhoben werden. Die Informationsschreiben werden nur f\u00fcr das von DigitalPA Srl verwaltete Portal bereitgestellt und nicht f\u00fcr andere Webseiten, die der [...]\" \/>\n<meta property=\"og:url\" content=\"https:\/\/www.whistleblowing.software\/de\/informationen-zu-datenschutz-und-cookies\/\" \/>\n<meta property=\"og:site_name\" content=\"Software Whistleblowing for Private Companies and Public Bodies\" \/>\n<meta property=\"article:modified_time\" content=\"2023-01-09T13:47:57+00:00\" \/>\n<meta name=\"twitter:card\" content=\"summary_large_image\" \/>\n<meta name=\"twitter:label1\" content=\"Gesch\u00e4tzte Lesezeit\" \/>\n\t<meta name=\"twitter:data1\" content=\"5\u00a0Minuten\" \/>\n<script type=\"application\/ld+json\" class=\"yoast-schema-graph\">{\"@context\":\"https:\/\/schema.org\",\"@graph\":[{\"@type\":\"WebPage\",\"@id\":\"https:\/\/www.whistleblowing.software\/de\/informationen-zu-datenschutz-und-cookies\/\",\"url\":\"https:\/\/www.whistleblowing.software\/de\/informationen-zu-datenschutz-und-cookies\/\",\"name\":\"Informationen zu datenschutz und cookies\",\"isPartOf\":{\"@id\":\"https:\/\/www.whistleblowing.software\/en\/#website\"},\"datePublished\":\"2020-11-19T15:48:22+00:00\",\"dateModified\":\"2023-01-09T13:47:57+00:00\",\"breadcrumb\":{\"@id\":\"https:\/\/www.whistleblowing.software\/de\/informationen-zu-datenschutz-und-cookies\/#breadcrumb\"},\"inLanguage\":\"de\",\"potentialAction\":[{\"@type\":\"ReadAction\",\"target\":[\"https:\/\/www.whistleblowing.software\/de\/informationen-zu-datenschutz-und-cookies\/\"]}]},{\"@type\":\"BreadcrumbList\",\"@id\":\"https:\/\/www.whistleblowing.software\/de\/informationen-zu-datenschutz-und-cookies\/#breadcrumb\",\"itemListElement\":[{\"@type\":\"ListItem\",\"position\":1,\"name\":\"Home\",\"item\":\"https:\/\/www.whistleblowing.software\/de\/\"},{\"@type\":\"ListItem\",\"position\":2,\"name\":\"Informationen zu datenschutz und cookies\"}]},{\"@type\":\"WebSite\",\"@id\":\"https:\/\/www.whistleblowing.software\/en\/#website\",\"url\":\"https:\/\/www.whistleblowing.software\/en\/\",\"name\":\"Software Whistleblowing for Private Companies and Public Bodies\",\"description\":\"Whistleblowing.software  is the reference software for Whistleblowing\",\"potentialAction\":[{\"@type\":\"SearchAction\",\"target\":{\"@type\":\"EntryPoint\",\"urlTemplate\":\"https:\/\/www.whistleblowing.software\/en\/?s={search_term_string}\"},\"query-input\":{\"@type\":\"PropertyValueSpecification\",\"valueRequired\":true,\"valueName\":\"search_term_string\"}}],\"inLanguage\":\"de\"}]}<\/script>\n<!-- \/ Yoast SEO Premium plugin. -->","yoast_head_json":{"title":"Informationen zu datenschutz und cookies","robots":{"index":"index","follow":"follow","max-snippet":"max-snippet:-1","max-image-preview":"max-image-preview:large","max-video-preview":"max-video-preview:-1"},"canonical":"https:\/\/www.whistleblowing.software\/de\/informationen-zu-datenschutz-und-cookies\/","og_locale":"de_DE","og_type":"article","og_title":"Informationen zu datenschutz und cookies","og_description":"Datenschutz und Cookie-Richtlinie &nbsp; Dieser Abschnitt des Portals soll auf die Richtlinien von DigitalPA Srl hinweisen (gem\u00e4\u00df DSGVO &#8211; Allgemeine Datenschutzverordnung &#8211; 2016\/679) \u00fcber die Verarbeitung personenbezogener Daten, die w\u00e4hrend der Navigation im Portal erhoben werden. Die Informationsschreiben werden nur f\u00fcr das von DigitalPA Srl verwaltete Portal bereitgestellt und nicht f\u00fcr andere Webseiten, die der [...]","og_url":"https:\/\/www.whistleblowing.software\/de\/informationen-zu-datenschutz-und-cookies\/","og_site_name":"Software Whistleblowing for Private Companies and Public Bodies","article_modified_time":"2023-01-09T13:47:57+00:00","twitter_card":"summary_large_image","twitter_misc":{"Gesch\u00e4tzte Lesezeit":"5\u00a0Minuten"},"schema":{"@context":"https:\/\/schema.org","@graph":[{"@type":"WebPage","@id":"https:\/\/www.whistleblowing.software\/de\/informationen-zu-datenschutz-und-cookies\/","url":"https:\/\/www.whistleblowing.software\/de\/informationen-zu-datenschutz-und-cookies\/","name":"Informationen zu datenschutz und cookies","isPartOf":{"@id":"https:\/\/www.whistleblowing.software\/en\/#website"},"datePublished":"2020-11-19T15:48:22+00:00","dateModified":"2023-01-09T13:47:57+00:00","breadcrumb":{"@id":"https:\/\/www.whistleblowing.software\/de\/informationen-zu-datenschutz-und-cookies\/#breadcrumb"},"inLanguage":"de","potentialAction":[{"@type":"ReadAction","target":["https:\/\/www.whistleblowing.software\/de\/informationen-zu-datenschutz-und-cookies\/"]}]},{"@type":"BreadcrumbList","@id":"https:\/\/www.whistleblowing.software\/de\/informationen-zu-datenschutz-und-cookies\/#breadcrumb","itemListElement":[{"@type":"ListItem","position":1,"name":"Home","item":"https:\/\/www.whistleblowing.software\/de\/"},{"@type":"ListItem","position":2,"name":"Informationen zu datenschutz und cookies"}]},{"@type":"WebSite","@id":"https:\/\/www.whistleblowing.software\/en\/#website","url":"https:\/\/www.whistleblowing.software\/en\/","name":"Software Whistleblowing for Private Companies and Public Bodies","description":"Whistleblowing.software  is the reference software for Whistleblowing","potentialAction":[{"@type":"SearchAction","target":{"@type":"EntryPoint","urlTemplate":"https:\/\/www.whistleblowing.software\/en\/?s={search_term_string}"},"query-input":{"@type":"PropertyValueSpecification","valueRequired":true,"valueName":"search_term_string"}}],"inLanguage":"de"}]}},"_links":{"self":[{"href":"https:\/\/www.whistleblowing.software\/de\/wp-json\/wp\/v2\/pages\/1837","targetHints":{"allow":["GET"]}}],"collection":[{"href":"https:\/\/www.whistleblowing.software\/de\/wp-json\/wp\/v2\/pages"}],"about":[{"href":"https:\/\/www.whistleblowing.software\/de\/wp-json\/wp\/v2\/types\/page"}],"author":[{"embeddable":true,"href":"https:\/\/www.whistleblowing.software\/de\/wp-json\/wp\/v2\/users\/5"}],"replies":[{"embeddable":true,"href":"https:\/\/www.whistleblowing.software\/de\/wp-json\/wp\/v2\/comments?post=1837"}],"version-history":[{"count":9,"href":"https:\/\/www.whistleblowing.software\/de\/wp-json\/wp\/v2\/pages\/1837\/revisions"}],"predecessor-version":[{"id":5236,"href":"https:\/\/www.whistleblowing.software\/de\/wp-json\/wp\/v2\/pages\/1837\/revisions\/5236"}],"wp:attachment":[{"href":"https:\/\/www.whistleblowing.software\/de\/wp-json\/wp\/v2\/media?parent=1837"}],"curies":[{"name":"wp","href":"https:\/\/api.w.org\/{rel}","templated":true}]}}